{"id":414,"date":"2023-04-11T17:07:36","date_gmt":"2023-04-11T17:07:36","guid":{"rendered":"https:\/\/ambconakry.esteri.it\/chi-siamo\/"},"modified":"2025-05-20T14:27:16","modified_gmt":"2025-05-20T14:27:16","slug":"chi-siamo","status":"publish","type":"page","link":"https:\/\/ambconakry.esteri.it\/fr\/chi-siamo\/","title":{"rendered":"Qui nous sommes"},"content":{"rendered":"<p><img loading=\"lazy\" decoding=\"async\" class=\"alignnone wp-image-372 img-fluid\" src=\"https:\/\/ambconakry.esteri.it\/wp-content\/uploads\/2025\/02\/PHOTO-2025-02-10-21-40-48.jpg\" alt=\"\" width=\"270\" height=\"360\" srcset=\"https:\/\/ambconakry.esteri.it\/wp-content\/uploads\/2025\/02\/PHOTO-2025-02-10-21-40-48.jpg 810w, https:\/\/ambconakry.esteri.it\/wp-content\/uploads\/2025\/02\/PHOTO-2025-02-10-21-40-48-225x300.jpg 225w, https:\/\/ambconakry.esteri.it\/wp-content\/uploads\/2025\/02\/PHOTO-2025-02-10-21-40-48-768x1024.jpg 768w\" sizes=\"auto, (max-width: 270px) 100vw, 270px\" \/><\/p>\n<p>&nbsp;<\/p>\n<p>Chef de mission<\/p>\n<p>S. E. l&#8217;Ambassadeur d&#8217;Italie Tarek CHAZLI<\/p>\n<p>&nbsp;<\/p>\n<p>Chef adjoint de la mission et responsable du secteur administratif-comptable<\/p>\n<p>Commissaire adjoint Maurizio CROCIATELLI<\/p>\n<p>&nbsp;<\/p>\n<p>AICS &#8211; Agence italienne de coop\u00e9ration au d\u00e9veloppement<\/p>\n<p>Antenne de Conakry:<\/p>\n<p>Dr Marco Manzelli<\/p>\n<p>Si\u00e8ge de Dakar (comp\u00e9tent pour la Guin\u00e9e)<\/p>\n<p>Directeur Giovanni GRANDI<\/p>\n<p>&nbsp;<\/p>\n<p>ICE &#8211; Agence pour la promotion \u00e0 l\u2019\u00e9tranger et l\u2019internationalisation des entreprises italiennes<\/p>\n<p>L\u2019ICE n\u2019a pas de pr\u00e9sence directe \u00e0 Conakry. Depuis le mars 2025 le Bureau comp\u00e9tent pour la Guin\u00e9e est celui de\u00a0<a href=\"https:\/\/www.ice.it\/it\/mercati\/senegal\/dakar\">Dakar<\/a> (Directeur Alessandro Gerbino):<\/p>\n<p><span class=\"u-text-r-xs ice-office-info-address\">Rue Alpha Hachamiyou Tall<\/span><span class=\"u-text-r-xs ice-office-info-address\"><br \/>\n18524-348 , DAKAR<\/span><\/p>\n<div class=\"u-margin-top-xs ice-office-info-tel-fax\"><span class=\"u-textWeight-600\">Tel:<\/span>\u00a0<span class=\"u-text-r-xs\">+221\/786637097<\/span><\/div>\n<div class=\"u-margin-top-xs ice-office-info-email\"><span class=\"u-textWeight-600\">E-mail:<\/span>\u00a0<a href=\"mailto:dakar@ice.it\">dakar@ice.it<\/a><\/div>\n<p>&nbsp;<\/p>\n<p>N.B. Dans l\u2019absence, \u00e0 Conakry, d\u2019un Institut Italien de la Culture et d\u2019une Administration pour la D\u00e9fense, les dossier qui concernent ces secteurs peuvent \u00eatre trait\u00e9es directement avec l\u2019Ambassade d\u2019Italie.<\/p>\n","protected":false},"excerpt":{"rendered":"&nbsp; Chef de mission S. E. l&#8217;Ambassadeur d&#8217;Italie Tarek CHAZLI &nbsp; Chef adjoint de la mission et responsable du secteur administratif-comptable Commissaire adjoint Maurizio CROCIATELLI &nbsp; AICS &#8211; Agence italienne de coop\u00e9ration au d\u00e9veloppement Antenne de Conakry: Dr Marco Manzelli Si\u00e8ge de Dakar (comp\u00e9tent pour la Guin\u00e9e) Directeur Giovanni GRANDI &nbsp; ICE &#8211; Agence pour [&hellip;]","protected":false},"author":1,"featured_media":0,"parent":0,"menu_order":2,"comment_status":"closed","ping_status":"closed","template":"","meta":{"footnotes":""},"class_list":["post-414","page","type-page","status-publish","hentry"],"_links":{"self":[{"href":"https:\/\/ambconakry.esteri.it\/fr\/wp-json\/wp\/v2\/pages\/414","targetHints":{"allow":["GET"]}}],"collection":[{"href":"https:\/\/ambconakry.esteri.it\/fr\/wp-json\/wp\/v2\/pages"}],"about":[{"href":"https:\/\/ambconakry.esteri.it\/fr\/wp-json\/wp\/v2\/types\/page"}],"author":[{"embeddable":true,"href":"https:\/\/ambconakry.esteri.it\/fr\/wp-json\/wp\/v2\/users\/1"}],"replies":[{"embeddable":true,"href":"https:\/\/ambconakry.esteri.it\/fr\/wp-json\/wp\/v2\/comments?post=414"}],"version-history":[{"count":5,"href":"https:\/\/ambconakry.esteri.it\/fr\/wp-json\/wp\/v2\/pages\/414\/revisions"}],"predecessor-version":[{"id":634,"href":"https:\/\/ambconakry.esteri.it\/fr\/wp-json\/wp\/v2\/pages\/414\/revisions\/634"}],"wp:attachment":[{"href":"https:\/\/ambconakry.esteri.it\/fr\/wp-json\/wp\/v2\/media?parent=414"}],"curies":[{"name":"wp","href":"https:\/\/api.w.org\/{rel}","templated":true}]}}