{"id":416,"date":"2023-04-11T17:08:52","date_gmt":"2023-04-11T17:08:52","guid":{"rendered":"https:\/\/ambconakry.esteri.it\/italia-e-guinea\/"},"modified":"2025-07-21T16:44:20","modified_gmt":"2025-07-21T16:44:20","slug":"italia-e-guinea","status":"publish","type":"page","link":"https:\/\/ambconakry.esteri.it\/fr\/italia-e-guinea\/","title":{"rendered":"Italie et Guinea"},"content":{"rendered":"<p>Italie et Guin\u00e9e<\/p>\n<p>L\u2019Italie et la Guin\u00e9e poss\u00e8dent l\u2019une des plus anciennes relations diplomatiques et d\u2019amiti\u00e9 entre les pays europ\u00e9ens et de l\u2019Afrique\u00a0: l\u2019Ambassade d\u2019Italie ouverte \u00e0 Conakry en d\u00e9cembre\u00a01959 par l\u2019Ambassadeur Franco Montanari fut en effet la toute premi\u00e8re Ambassade italienne en Afrique subsaharienne francophone.<\/p>\n<p>Apr\u00e8s la fermeture de leurs ambassades respectives en 1998, elles ont \u00e9t\u00e9 rouvertes (celle italienne le 1er\u00a0juin\u00a02018) pour confirmer la volont\u00e9 des deux pays de reprendre une collaboration d\u2019\u00e9gal \u00e0 \u00e9gal.<\/p>\n<p><span class=\"\" data-index=\"0\">La relance des relations dans le domaine de la coop\u00e9ration au d\u00e9veloppement et la forte augmentation, \u00e0 partir du second semestre 2024, des \u00e9changes commerciaux entre l\u2019Italie et la Guin\u00e9e sont particuli\u00e8rement remarquables.<\/p>\n<p><\/span><span class=\"\" data-index=\"1\">Sous le premier profil (voir pour les d\u00e9tails la page consacr\u00e9e \u00e0 la coop\u00e9ration) on signale, par importance, les deux missions de syst\u00e8me \u00e0 Conakry guid\u00e9es par le Directeur G\u00e9n\u00e9ral de la Direction pour la Coop\u00e9ration au D\u00e9veloppement du Minist\u00e8re des Affaires \u00e9trang\u00e8res italien, Stefano Gatti, respectivement en avril\u00a02024 et mai\u00a02025 (cette derni\u00e8re avec la participation de plus de vingt repr\u00e9sentants d\u2019institutions, organisations de la soci\u00e9t\u00e9 civile et instituts de recherche italiens et internationaux).<\/p>\n<p><\/span><span class=\"hovered\" data-index=\"2\">En ce qui concerne les \u00e9changes commerciaux bilat\u00e9raux, ils\u00a0 ont doubl\u00e9 entre 2023 et 2024 (passant de 81,3 millions d\u2019euros \u00e0 179,4 millions) alors qu\u2019au cours des seuls quatre premiers mois de 2025 ils ont d\u00e9pass\u00e9 les 136 millions d\u2019euros. <\/span><span class=\"\" data-index=\"3\">Cela est li\u00e9 \u00e0 la fois \u00e0 l\u2019augmentation des exportations italiennes (+39% au premier trimestre 2025 par rapport \u00e0 la m\u00eame p\u00e9riode de 2024) et au d\u00e9marrage, en 2024, d\u2019importations directes de min\u00e9raux en provenance de Guin\u00e9e.<\/span><\/p>\n<p>L\u2019Italie exporte principalement des articles d\u2019habillement et de cuir, des machines industrielles et pour la construction, des produits alimentaires. Sur le front des investissements, on enregistre une pr\u00e9sence italienne limit\u00e9e, mais un int\u00e9r\u00eat croissant pour les nombreuses opportunit\u00e9s d\u2019investissement dans diff\u00e9rents secteurs (minier, infrastructurel, \u00e9nerg\u00e9tique, agro-alimentaire, piscicole) que le gouvernement guin\u00e9en promeut dans le cadre de son plan de d\u00e9veloppement national &#8216;Simandou 2040&#8217; et favoris\u00e9e par un taux de croissance du PIB parmi les plus \u00e9lev\u00e9s d\u2019Afrique: selon les donn\u00e9es de la Banque Mondiale, en 2023 le PIB guin\u00e9en a augment\u00e9 de 7,1%, entra\u00een\u00e9 par une augmentation de 22% de la valeur des exportations de bauxite. Selon les projections du Fonds mon\u00e9taire international (WEO avril 2025), apr\u00e8s un ralentissement en 2024 (+4,1%), le PIB guin\u00e9en devrait cro\u00eetre en 2025 de 7,8% pour atteindre 10,6% en 2026, l\u2019un des taux les plus \u00e9lev\u00e9s du monde gr\u00e2ce au d\u00e9marrage pr\u00e9vu des exportations de minerai de fer fin 2025 depuis les mines de Simandou.<\/p>\n<p><span class=\"ng-star-inserted\" data-index=\"0\">La position g\u00e9ographique de la Guin\u00e9e sur les routes atlantiques reliant les Am\u00e9riques, l\u2019Europe occidentale et le golfe de Guin\u00e9e fait prendre une importance strat\u00e9gique croissante \u00e0 la capitale Conakry et \u00e0 son port, qui -par un ambitieux programme d\u2019expansion ambitionne dans les ann\u00e9es \u00e0 venir de devenir une plate-forme de r\u00e9f\u00e9rence pour les pays limitrophes dot\u00e9s d\u2019infrastructures portuaires inad\u00e9quates ou sans acc\u00e8s \u00e0 la mer.<\/span><\/p>\n<p><span class=\"ng-star-inserted\" data-index=\"1\">Avec une population d\u2019environ 15 millions d\u2019habitants en 2025, un \u00e2ge moyen de 19 ans (parmi les plus bas du monde) et une croissance demographique annuelle de 2,5% (parmi les plus hauts du monde), la Guin\u00e9e semble destin\u00e9e \u00e0 devenir un march\u00e9 de plus en plus important.\u00a0 <\/span><span class=\"ng-star-inserted hovered\" data-index=\"2\">Gr\u00e2ce \u00e0 des conditions climatiques particuli\u00e8rement favorables par rapport au reste de l\u2019Afrique occidentale et \u00e0 la pr\u00e9sence de dizaines de grands fleuves, la Guin\u00e9e est potentiellement apte \u00e0 tout type de culture (cultures tropicales le long de la c\u00f4te et cultures adapt\u00e9es aux climats temp\u00e9r\u00e9s dans les zones int\u00e9rieures). <\/span><span class=\"ng-star-inserted\" data-index=\"3\">Les secteurs sur lesquels le pays mise pour am\u00e9liorer sa situation \u00e9conomique sont l\u2019agriculture (seulement 15% des terres sont actuellement cultiv\u00e9es) et la p\u00eache, auxquels se rattachent ses industries de transformation, encore peu d\u00e9velopp\u00e9es, qui offrent d\u2019importantes opportunit\u00e9s d\u2019investissement. <\/span><span class=\"ng-star-inserted\" data-index=\"4\">Le secteur des infrastructures n\u2019est pas suffisamment d\u00e9velopp\u00e9 et n\u00e9cessite d\u2019importants investissements. <\/span><span class=\"ng-star-inserted\" data-index=\"5\">Les autorit\u00e9s guin\u00e9ennes souhaitent une plus grande pr\u00e9sence internationale dans le secteur et appr\u00e9cient la qualit\u00e9 de l\u2019offre italienne.<\/span><\/p>\n<div id=\"page\" class=\"site\">\n<div class=\"row\">\n<div class=\"col-lg-8\">\n<article id=\"post-14\" class=\"post-14 page type-page status-publish hentry\">\n<div class=\"entry-content\">\n<p>La Guin\u00e9e est le pays le plus riche en ressources min\u00e9rales d\u2019Afrique de l\u2019Ouest. Deuxi\u00e8me producteur mondial de bauxite (il d\u00e9tient 30% des r\u00e9serves mondiales du mineral), il est \u00e9galement dot\u00e9 d\u2019\u00e9normes r\u00e9serves de fer (m\u00e9ga-projet minier de Simandou), d\u2019or et de diamants. Le secteur principal reste donc l\u2019extraction qui contribue de mani\u00e8re importante \u00e0 la formation du PIB. Le secteur du b\u00e2timent et des grands travaux (h\u00f4tels, routes, ponts et barrages) est d\u00e9ficient et son d\u00e9veloppement fait l\u2019objet d\u2019une attention particuli\u00e8re de la part des autorit\u00e9s gouvernementales. La Guin\u00e9e pr\u00e9sente un \u00e9norme potentiel dans les secteurs de l\u2019agriculture et de la p\u00eache et a besoin d\u2019investissements \u00e9trangers pour un d\u00e9veloppement ad\u00e9quat de l\u2019industrie de transformation des produits agro-alimentaires. La Guin\u00e9e dispose d\u2019un potentiel important dans le secteur de l\u2019hydro\u00e9lectricit\u00e9, qui n\u2019est pas encore pleinement exploit\u00e9.<\/p>\n<p>Pour de plus amples informations, veuillez consulter la section d\u00e9di\u00e9e \u00e0 la Guin\u00e9e sur http:\/\/www.infomercatiesteri.it<\/p>\n<\/div>\n<\/article>\n<\/div>\n<\/div>\n<p>&nbsp;<\/p>\n<\/div>\n","protected":false},"excerpt":{"rendered":"Italie et Guin\u00e9e L\u2019Italie et la Guin\u00e9e poss\u00e8dent l\u2019une des plus anciennes relations diplomatiques et d\u2019amiti\u00e9 entre les pays europ\u00e9ens et de l\u2019Afrique\u00a0: l\u2019Ambassade d\u2019Italie ouverte \u00e0 Conakry en d\u00e9cembre\u00a01959 par l\u2019Ambassadeur Franco Montanari fut en effet la toute premi\u00e8re Ambassade italienne en Afrique subsaharienne francophone. Apr\u00e8s la fermeture de leurs ambassades respectives en 1998, [&hellip;]","protected":false},"author":1,"featured_media":0,"parent":0,"menu_order":4,"comment_status":"closed","ping_status":"closed","template":"","meta":{"footnotes":""},"class_list":["post-416","page","type-page","status-publish","hentry"],"_links":{"self":[{"href":"https:\/\/ambconakry.esteri.it\/fr\/wp-json\/wp\/v2\/pages\/416","targetHints":{"allow":["GET"]}}],"collection":[{"href":"https:\/\/ambconakry.esteri.it\/fr\/wp-json\/wp\/v2\/pages"}],"about":[{"href":"https:\/\/ambconakry.esteri.it\/fr\/wp-json\/wp\/v2\/types\/page"}],"author":[{"embeddable":true,"href":"https:\/\/ambconakry.esteri.it\/fr\/wp-json\/wp\/v2\/users\/1"}],"replies":[{"embeddable":true,"href":"https:\/\/ambconakry.esteri.it\/fr\/wp-json\/wp\/v2\/comments?post=416"}],"version-history":[{"count":3,"href":"https:\/\/ambconakry.esteri.it\/fr\/wp-json\/wp\/v2\/pages\/416\/revisions"}],"predecessor-version":[{"id":651,"href":"https:\/\/ambconakry.esteri.it\/fr\/wp-json\/wp\/v2\/pages\/416\/revisions\/651"}],"wp:attachment":[{"href":"https:\/\/ambconakry.esteri.it\/fr\/wp-json\/wp\/v2\/media?parent=416"}],"curies":[{"name":"wp","href":"https:\/\/api.w.org\/{rel}","templated":true}]}}