{"id":417,"date":"2023-04-11T17:08:57","date_gmt":"2023-04-11T17:08:57","guid":{"rendered":"https:\/\/ambconakry.esteri.it\/servizi-consolari-e-visti\/"},"modified":"2025-07-28T11:37:21","modified_gmt":"2025-07-28T11:37:21","slug":"servizi-consolari-e-visti","status":"publish","type":"page","link":"https:\/\/ambconakry.esteri.it\/fr\/servizi-consolari-e-visti\/","title":{"rendered":"Services consulaires et visas"},"content":{"rendered":"<p>Le consulat honoraire d\u2019Italie \u00e0 Conakry a cess\u00e9 ses fonctions en 2021.<\/p>\n<p>Les comp\u00e9tences en mati\u00e8re consulaire et de visas en Guin\u00e9e sont confi\u00e9es \u00e0 l\u2019Ambassade d\u2019Italie \u00e0 Dakar, assist\u00e9e par l\u2019Ambassade d\u2019Italie \u00e0 Conakry. Pour les contacts voir la rubrique &#8216;Les Bureaux&#8217; ou cliquer sur les liens suivants :<\/p>\n<p><a href=\"https:\/\/ambdakar.esteri.it\/fr\/servizi-consolari-e-visti\/\">Services consulaires et visas \u2013 Ambasciata d&#8217;Italia Dakar<\/a><\/p>\n<p><a href=\"https:\/\/ambdakar.esteri.it\/fr\/servizi-consolari-e-visti\/servizi-per-il-cittadino-italiano\/\">Services pour le citoyen italien \u2013 Ambasciata d&#8217;Italia Dakar<\/a><\/p>\n","protected":false},"excerpt":{"rendered":"Le consulat honoraire d\u2019Italie \u00e0 Conakry a cess\u00e9 ses fonctions en 2021. Les comp\u00e9tences en mati\u00e8re consulaire et de visas en Guin\u00e9e sont confi\u00e9es \u00e0 l\u2019Ambassade d\u2019Italie \u00e0 Dakar, assist\u00e9e par l\u2019Ambassade d\u2019Italie \u00e0 Conakry. Pour les contacts voir la rubrique &#8216;Les Bureaux&#8217; ou cliquer sur les liens suivants : Services consulaires et visas \u2013 [&hellip;]","protected":false},"author":1,"featured_media":0,"parent":0,"menu_order":6,"comment_status":"closed","ping_status":"closed","template":"","meta":{"footnotes":""},"class_list":["post-417","page","type-page","status-publish","hentry"],"_links":{"self":[{"href":"https:\/\/ambconakry.esteri.it\/fr\/wp-json\/wp\/v2\/pages\/417","targetHints":{"allow":["GET"]}}],"collection":[{"href":"https:\/\/ambconakry.esteri.it\/fr\/wp-json\/wp\/v2\/pages"}],"about":[{"href":"https:\/\/ambconakry.esteri.it\/fr\/wp-json\/wp\/v2\/types\/page"}],"author":[{"embeddable":true,"href":"https:\/\/ambconakry.esteri.it\/fr\/wp-json\/wp\/v2\/users\/1"}],"replies":[{"embeddable":true,"href":"https:\/\/ambconakry.esteri.it\/fr\/wp-json\/wp\/v2\/comments?post=417"}],"version-history":[{"count":2,"href":"https:\/\/ambconakry.esteri.it\/fr\/wp-json\/wp\/v2\/pages\/417\/revisions"}],"predecessor-version":[{"id":659,"href":"https:\/\/ambconakry.esteri.it\/fr\/wp-json\/wp\/v2\/pages\/417\/revisions\/659"}],"wp:attachment":[{"href":"https:\/\/ambconakry.esteri.it\/fr\/wp-json\/wp\/v2\/media?parent=417"}],"curies":[{"name":"wp","href":"https:\/\/api.w.org\/{rel}","templated":true}]}}