{"id":418,"date":"2023-04-11T17:09:11","date_gmt":"2023-04-11T17:09:11","guid":{"rendered":"https:\/\/ambconakry.esteri.it\/news\/"},"modified":"2025-02-11T11:33:51","modified_gmt":"2025-02-11T11:33:51","slug":"news","status":"publish","type":"page","link":"https:\/\/ambconakry.esteri.it\/fr\/news\/","title":{"rendered":"Nouvelles"},"content":{"rendered":"        <div class=\"row\">\n\t\t\t<!-- Ricerca sedi post -->\n\t\t\t<div class=\"col-12 mt-4\">\n\t\t\t  <div class=\"callout callout-highlight note ricerca-esteri p-4\">\n                    <div class=\"callout-title\">\n                        <svg class=\"icon\">\n                            <use xlink:href=\"https:\/\/ambconakry.esteri.it\/wp-content\/themes\/sedi-tema\/assets\/svg\/sprites.svg#it-search\"><\/use>\n                        <\/svg>Entrez vos param\u00e8tres de recherche                    <\/div>\n                    <form id=\"searchFormPost\" name=\"form-search-post\" class=\"form-row align-items-center\" action=\"https:\/\/ambconakry.esteri.it\/fr\/wp-json\/wp\/v2\/pages\/418\/\" method=\"GET\"> \n                        <!-- <div class=\"form-group pt-5\"> -->\n                            <!-- <input type=\"hidden\" id=\"lang\" name=\"lang\" value=\"\"> --> <!-- <\/div> -->\n\n                        <div class=\"it-datepicker-wrapper\">\n                            <div class=\"row\">\n                                <div class=\"form-group col-md-6\">\n                                    <label class=\"active\" for=\"date-init\">Du<\/label>\n                                    <input class=\"form-control\" name=\"date-init\" id=\"date-init\" type=\"date\" placeholder=\"gg\/mm\/aaaa\" value=\"\"lang=\"en-EN\">  \n                                <\/div>\n                                <div class=\"form-group col-md-6\">\n                                    <label class=\"active\" for=\"date-end\">Au<\/label>\n                                    <input class=\"form-control\" name=\"date-end\" id=\"date-end\" type=\"date\" placeholder=\"gg\/mm\/aaaa\" value=\"\">\n                                <\/div>\n                            <\/div>\n                        <\/div>\n                        <div class=\"form-group col-md-12 mt-3\">\n                            <label for=\"searchText\">Champ de recherche gratuit<\/label>\n                            <input type=\"text\" name=\"searchText\" class=\"form-control\" id=\"searchText\" value=\"\">\n                        <\/div>\n                        <div class=\"form-group col-md-4 offset-md-8 text-end\">\n                            <a href=\"https:\/\/ambconakry.esteri.it\/fr\/news\/\" title=\"Form reset\" id=\"resetImput\" class=\"btn btn-outline-primary btn-xs\">Reset<\/a>\n                            <button type=\"submit\" class=\"btn btn-primary btn-xs\">Montrer les r\u00e9sultats<\/button>\n                        <\/div>\n                    <\/form>\n\t\t\t\t<\/div>\n\t\t\t<\/div>\n\t\t<\/div>\n                    \n            <div class=\"row\">\n                            <div class=\"col-12 mt-3\">\n                <!--start card-->\n                <div class=\"card-wrapper card-space\">\n                    <div class=\"card card-bg card-big border-bottom-card\">\n                        <div class=\"card-body \">\n                                                        <div class=\"category-top\">\n                                                                                                            <span class=\"\">\n                                        <svg class=\"icon icon-secondary\">\n                                            <use xlink:href=\"https:\/\/ambconakry.esteri.it\/wp-content\/themes\/sedi-tema\/assets\/svg\/sprites.svg#it-calendar\"><\/use>\n                                        <\/svg> 24 March 2026                                    <\/span>\n                                                                    <\/div>\n                            <h5 class=\"card-title big-heading text-uppercase\"><a class=\"text-body text-decoration-none\" href=\"https:\/\/ambconakry.esteri.it\/fr\/news\/dall_ambasciata\/2026\/03\/bourses-detudes-offertes-par-le-gouvernement-italien-aux-etudiants-etrangers-et-aux-italiens-residant-a-letranger-ire\/\" title=\"Bourses d\u2019\u00e9tudes offertes par le gouvernement italien aux \u00e9tudiants \u00e9trangers et aux Italiens r\u00e9sidant \u00e0 l\u2019\u00e9tranger (IRE).\">Bourses d\u2019\u00e9tudes offertes par le gouvernement italien aux \u00e9tudiants \u00e9trangers et aux Italiens r\u00e9sidant \u00e0 l\u2019\u00e9tranger (IRE).<\/a><\/h5>\n                            <p class=\"card-text\">Le\u00a0Minist\u00e8re des Affaires \u00e9trang\u00e8res et de la Coop\u00e9ration internationale\u00a0offre des bourses d\u2019\u00e9tudes aux \u00e9tudiants \u00e9trangers et aux\u00a0Italiens R\u00e9sidant \u00e0 l\u2019\u00c9tranger (IRE)\u00a0pour l\u2019ann\u00e9e acad\u00e9mique\u00a02026-2027, dans le but de promouvoir la coop\u00e9ration dans les domaines culturel, scientifique et technologique, la projection du syst\u00e8me \u00e9conomique italien dans le monde et la diffusion de la connaissance de la langue [&hellip;]<\/p>\n                                <a title=\"Bourses d\u2019\u00e9tudes offertes par le gouvernement italien aux \u00e9tudiants \u00e9trangers et aux Italiens r\u00e9sidant \u00e0 l\u2019\u00e9tranger (IRE).\" class=\"read-more\" href=\"https:\/\/ambconakry.esteri.it\/fr\/news\/dall_ambasciata\/2026\/03\/bourses-detudes-offertes-par-le-gouvernement-italien-aux-etudiants-etrangers-et-aux-italiens-residant-a-letranger-ire\/\">\n                                    <span class=\"text\">Lire la suite<\/span>\n                                    <svg class=\"icon\">\n                                    <use xlink:href=\"https:\/\/ambconakry.esteri.it\/wp-content\/themes\/sedi-tema\/assets\/svg\/sprites.svg#it-arrow-right\"><\/use>\n                                    <\/svg>\n                                <\/a>\n                                                    <\/div>\n                    <\/div>\n                <\/div>\n                <!--end card-->\n                <\/div><!-- col-12 .mt-3-->\n                            <div class=\"col-12 mt-3\">\n                <!--start card-->\n                <div class=\"card-wrapper card-space\">\n                    <div class=\"card card-bg card-big border-bottom-card\">\n                        <div class=\"card-body \">\n                                                        <div class=\"category-top\">\n                                                                                                            <span class=\"\">\n                                        <svg class=\"icon icon-secondary\">\n                                            <use xlink:href=\"https:\/\/ambconakry.esteri.it\/wp-content\/themes\/sedi-tema\/assets\/svg\/sprites.svg#it-calendar\"><\/use>\n                                        <\/svg> 28 October 2025                                    <\/span>\n                                                                    <\/div>\n                            <h5 class=\"card-title big-heading text-uppercase\"><a class=\"text-body text-decoration-none\" href=\"https:\/\/ambconakry.esteri.it\/fr\/news\/dall_ambasciata\/2025\/10\/presentation-des-lettres-de-creance-de-lambassadeur-chazli-a-s-e-le-president-mamadi-doumbouya\/\" title=\"Pr\u00e9sentation des lettres de cr\u00e9ance de l\u2019Ambassadeur Chazli \u00e0 S.E. le Pr\u00e9sident Mamadi Doumbouya.\">Pr\u00e9sentation des lettres de cr\u00e9ance de l\u2019Ambassadeur Chazli \u00e0 S.E. le Pr\u00e9sident Mamadi Doumbouya.<\/a><\/h5>\n                            <p class=\"card-text\">L\u2019Ambassadeur d\u2019Italie \u00e0 Conakry, Tarek Chazli, a pr\u00e9sent\u00e9 le 10 octobre 2025 ses lettres de cr\u00e9ance \u00e0 Son Excellence le Pr\u00e9sident Mamadi Doumbouya. La disponibilit\u00e9 de l\u2019Italie et de ses entreprises pour accompagner la R\u00e9publique de Guin\u00e9e dans son chemin de d\u00e9veloppement a \u00e9t\u00e9 soulign\u00e9e \u00e0 cette occasion. &nbsp;<\/p>\n                                <a title=\"Pr\u00e9sentation des lettres de cr\u00e9ance de l\u2019Ambassadeur Chazli \u00e0 S.E. le Pr\u00e9sident Mamadi Doumbouya.\" class=\"read-more\" href=\"https:\/\/ambconakry.esteri.it\/fr\/news\/dall_ambasciata\/2025\/10\/presentation-des-lettres-de-creance-de-lambassadeur-chazli-a-s-e-le-president-mamadi-doumbouya\/\">\n                                    <span class=\"text\">Lire la suite<\/span>\n                                    <svg class=\"icon\">\n                                    <use xlink:href=\"https:\/\/ambconakry.esteri.it\/wp-content\/themes\/sedi-tema\/assets\/svg\/sprites.svg#it-arrow-right\"><\/use>\n                                    <\/svg>\n                                <\/a>\n                                                    <\/div>\n                    <\/div>\n                <\/div>\n                <!--end card-->\n                <\/div><!-- col-12 .mt-3-->\n                            <div class=\"col-12 mt-3\">\n                <!--start card-->\n                <div class=\"card-wrapper card-space\">\n                    <div class=\"card card-bg card-big border-bottom-card\">\n                        <div class=\"card-body \">\n                                                        <div class=\"category-top\">\n                                                                                                            <span class=\"\">\n                                        <svg class=\"icon icon-secondary\">\n                                            <use xlink:href=\"https:\/\/ambconakry.esteri.it\/wp-content\/themes\/sedi-tema\/assets\/svg\/sprites.svg#it-calendar\"><\/use>\n                                        <\/svg> 3 August 2025                                    <\/span>\n                                                                    <\/div>\n                            <h5 class=\"card-title big-heading text-uppercase\"><a class=\"text-body text-decoration-none\" href=\"https:\/\/ambconakry.esteri.it\/fr\/news\/dall_ambasciata\/2025\/08\/bourses-detudes-pour-lannee-academique-2025-2026-academie-du-theatre-de-la-scala-global-master-en-gestion-des-arts-de-la-scene-gmpam\/\" title=\"Bourses d\u2019\u00e9tudes pour l\u2019ann\u00e9e acad\u00e9mique 2025\/2026 \u2013 Acad\u00e9mie du Th\u00e9\u00e2tre de la Scala \u2013 Global Master en Gestion des Arts de la Sc\u00e8ne (GMPAM)\">Bourses d\u2019\u00e9tudes pour l\u2019ann\u00e9e acad\u00e9mique 2025\/2026 \u2013 Acad\u00e9mie du Th\u00e9\u00e2tre de la Scala \u2013 Global Master en Gestion des Arts de la Sc\u00e8ne (GMPAM)<\/a><\/h5>\n                            <p class=\"card-text\">L\u2019Ambassade d\u2019Italie a le plaisir d\u2019annoncer que le\u00a0Minist\u00e8re des Affaires \u00e9trang\u00e8res et de la Coop\u00e9ration internationale (MAECI)\u00a0a accord\u00e9 des\u00a0bourses d\u2019\u00e9tudes\u00a0en faveur des\u00a0\u00e9tudiants internationaux\u00a0inscrits au\u00a0Global Master en Gestion des Arts de la Sc\u00e8ne (GMPAM), organis\u00e9 par l\u2019Acad\u00e9mie du Th\u00e9\u00e2tre de la Scala. Pour l\u2019ann\u00e9e acad\u00e9mique\u00a02025\/2026, jusqu\u2019\u00e0\u00a07 bourses\u00a0sont disponibles, d\u2019un montant de\u00a01.000 \u20ac par mois\u00a0pendant\u00a0six mois\u00a0(du\u00a01er janvier [&hellip;]<\/p>\n                                <a title=\"Bourses d\u2019\u00e9tudes pour l\u2019ann\u00e9e acad\u00e9mique 2025\/2026 \u2013 Acad\u00e9mie du Th\u00e9\u00e2tre de la Scala \u2013 Global Master en Gestion des Arts de la Sc\u00e8ne (GMPAM)\" class=\"read-more\" href=\"https:\/\/ambconakry.esteri.it\/fr\/news\/dall_ambasciata\/2025\/08\/bourses-detudes-pour-lannee-academique-2025-2026-academie-du-theatre-de-la-scala-global-master-en-gestion-des-arts-de-la-scene-gmpam\/\">\n                                    <span class=\"text\">Lire la suite<\/span>\n                                    <svg class=\"icon\">\n                                    <use xlink:href=\"https:\/\/ambconakry.esteri.it\/wp-content\/themes\/sedi-tema\/assets\/svg\/sprites.svg#it-arrow-right\"><\/use>\n                                    <\/svg>\n                                <\/a>\n                                                    <\/div>\n                    <\/div>\n                <\/div>\n                <!--end card-->\n                <\/div><!-- col-12 .mt-3-->\n                            <div class=\"col-12 mt-3\">\n                <!--start card-->\n                <div class=\"card-wrapper card-space\">\n                    <div class=\"card card-bg card-big border-bottom-card\">\n                        <div class=\"card-body \">\n                                                        <div class=\"category-top\">\n                                                                                                            <span class=\"\">\n                                        <svg class=\"icon icon-secondary\">\n                                            <use xlink:href=\"https:\/\/ambconakry.esteri.it\/wp-content\/themes\/sedi-tema\/assets\/svg\/sprites.svg#it-calendar\"><\/use>\n                                        <\/svg> 6 June 2025                                    <\/span>\n                                                                    <\/div>\n                            <h5 class=\"card-title big-heading text-uppercase\"><a class=\"text-body text-decoration-none\" href=\"https:\/\/ambconakry.esteri.it\/fr\/news\/dall_ambasciata\/2025\/06\/avis-de-recrutement-pour-poste-temporaire-de-chauffeur-commis-receptionniste-prorogation-des-demandes\/\" title=\"Avis de recrutement pour poste temporaire de Chauffeur\/Commis\/R\u00e9ceptionniste. Prorogation des demandes.\">Avis de recrutement pour poste temporaire de Chauffeur\/Commis\/R\u00e9ceptionniste. Prorogation des demandes.<\/a><\/h5>\n                            <p class=\"card-text\">In relazione all\u2019avviso di assunzione pubblicato in data 19 maggio 2025, si comunica che il termine per la presentazione delle domande \u00e8 stato prorogato alle ore 12:00 del giorno 10 giugno 2025. En r\u00e9f\u00e9rence \u00e0 l\u2019avis de recrutement publi\u00e9 le 19 mai 2025, il est communiqu\u00e9 que le d\u00e9lai de d\u00e9p\u00f4t des candidatures est prorog\u00e9 [&hellip;]<\/p>\n                                <a title=\"Avis de recrutement pour poste temporaire de Chauffeur\/Commis\/R\u00e9ceptionniste. Prorogation des demandes.\" class=\"read-more\" href=\"https:\/\/ambconakry.esteri.it\/fr\/news\/dall_ambasciata\/2025\/06\/avis-de-recrutement-pour-poste-temporaire-de-chauffeur-commis-receptionniste-prorogation-des-demandes\/\">\n                                    <span class=\"text\">Lire la suite<\/span>\n                                    <svg class=\"icon\">\n                                    <use xlink:href=\"https:\/\/ambconakry.esteri.it\/wp-content\/themes\/sedi-tema\/assets\/svg\/sprites.svg#it-arrow-right\"><\/use>\n                                    <\/svg>\n                                <\/a>\n                                                    <\/div>\n                    <\/div>\n                <\/div>\n                <!--end card-->\n                <\/div><!-- col-12 .mt-3-->\n                            <div class=\"col-12 mt-3\">\n                <!--start card-->\n                <div class=\"card-wrapper card-space\">\n                    <div class=\"card card-bg card-big border-bottom-card\">\n                        <div class=\"card-body \">\n                                                        <div class=\"category-top\">\n                                                                                                            <span class=\"\">\n                                        <svg class=\"icon icon-secondary\">\n                                            <use xlink:href=\"https:\/\/ambconakry.esteri.it\/wp-content\/themes\/sedi-tema\/assets\/svg\/sprites.svg#it-calendar\"><\/use>\n                                        <\/svg> 19 May 2025                                    <\/span>\n                                                                    <\/div>\n                            <h5 class=\"card-title big-heading text-uppercase\"><a class=\"text-body text-decoration-none\" href=\"https:\/\/ambconakry.esteri.it\/fr\/news\/dall_ambasciata\/2025\/05\/avis-dembauche-dun-1-employe-sous-contrat-temporaire-6-mois-a-affecter-aux-services-de-chauffeur-commis-receptionniste-aupres-de-lambassade-ditalie-a-conakry\/\" title=\"Avis d\u2019embauche d\u2019un (1) employ\u00e9 sous contrat temporaire (6 mois) \u00e0 affecter aux services de Chauffeur\/Commis\/R\u00e9ceptionniste aupr\u00e8s de l\u2019Ambassade d\u2019Italie \u00e0 Conakry\">Avis d\u2019embauche d\u2019un (1) employ\u00e9 sous contrat temporaire (6 mois) \u00e0 affecter aux services de Chauffeur\/Commis\/R\u00e9ceptionniste aupr\u00e8s de l\u2019Ambassade d\u2019Italie \u00e0 Conakry<\/a><\/h5>\n                            <p class=\"card-text\">Une proc\u00e9dure de s\u00e9lection a \u00e9t\u00e9 lanc\u00e9e pour l\u2019embauche du n. 1 employ\u00e9 \u00e0 contrat temporaire (dur\u00e9e 6 mois) qui sera affect\u00e9 aux services de Chauffeur\/Commis\/Centralisateur aupr\u00e8s de l\u2019Ambassade d\u2019Italie \u00e0 Conakry. Les candidatures, comprenant un Curruiculum Vitae et les coordonn\u00e9es t\u00e9l\u00e9phoniques et e-mail du candidat, devront \u00eatre pr\u00e9sent\u00e9es au plus tard \u00e0 12h00 le [&hellip;]<\/p>\n                                <a title=\"Avis d\u2019embauche d\u2019un (1) employ\u00e9 sous contrat temporaire (6 mois) \u00e0 affecter aux services de Chauffeur\/Commis\/R\u00e9ceptionniste aupr\u00e8s de l\u2019Ambassade d\u2019Italie \u00e0 Conakry\" class=\"read-more\" href=\"https:\/\/ambconakry.esteri.it\/fr\/news\/dall_ambasciata\/2025\/05\/avis-dembauche-dun-1-employe-sous-contrat-temporaire-6-mois-a-affecter-aux-services-de-chauffeur-commis-receptionniste-aupres-de-lambassade-ditalie-a-conakry\/\">\n                                    <span class=\"text\">Lire la suite<\/span>\n                                    <svg class=\"icon\">\n                                    <use xlink:href=\"https:\/\/ambconakry.esteri.it\/wp-content\/themes\/sedi-tema\/assets\/svg\/sprites.svg#it-arrow-right\"><\/use>\n                                    <\/svg>\n                                <\/a>\n                                                    <\/div>\n                    <\/div>\n                <\/div>\n                <!--end card-->\n                <\/div><!-- col-12 .mt-3-->\n                            <div class=\"col-12 mt-3\">\n                <!--start card-->\n                <div class=\"card-wrapper card-space\">\n                    <div class=\"card card-bg card-big border-bottom-card\">\n                        <div class=\"card-body \">\n                                                        <div class=\"category-top\">\n                                                                                                            <span class=\"\">\n                                        <svg class=\"icon icon-secondary\">\n                                            <use xlink:href=\"https:\/\/ambconakry.esteri.it\/wp-content\/themes\/sedi-tema\/assets\/svg\/sprites.svg#it-calendar\"><\/use>\n                                        <\/svg> 3 May 2025                                    <\/span>\n                                                                    <\/div>\n                            <h5 class=\"card-title big-heading text-uppercase\"><a class=\"text-body text-decoration-none\" href=\"https:\/\/ambconakry.esteri.it\/fr\/news\/dall_ambasciata\/2025\/05\/bourses-offertes-par-le-gouvernement-italien-aux-etudiants-etrangers-et-aux-italiens-residant-a-letranger\/\" title=\"Bourses offertes par le gouvernement italien aux \u00e9tudiants \u00e9trangers et aux Italiens r\u00e9sidant \u00e0 l\u2019\u00e9tranger\">Bourses offertes par le gouvernement italien aux \u00e9tudiants \u00e9trangers et aux Italiens r\u00e9sidant \u00e0 l\u2019\u00e9tranger<\/a><\/h5>\n                            <p class=\"card-text\">Le Minist\u00e8re italien des Affaires \u00e9trang\u00e8res et de la Coop\u00e9ration internationale (MAECI) offre des bourses en faveur d\u2019\u00e9tudiants \u00e9trangers r\u00e9sidant \u00e0 l\u2019\u00e9tranger et d\u2019Italiens r\u00e9sidant \u00e0 l\u2019\u00e9tranger (IRE) pour l\u2019ann\u00e9e acad\u00e9mique 2025-2026, avec l\u2019objectif de favoriser la coop\u00e9ration dans le domaine culturel, scientifique et technologique, la projection du syst\u00e8me \u00e9conomique de l\u2019Italie dans le monde [&hellip;]<\/p>\n                                <a title=\"Bourses offertes par le gouvernement italien aux \u00e9tudiants \u00e9trangers et aux Italiens r\u00e9sidant \u00e0 l\u2019\u00e9tranger\" class=\"read-more\" href=\"https:\/\/ambconakry.esteri.it\/fr\/news\/dall_ambasciata\/2025\/05\/bourses-offertes-par-le-gouvernement-italien-aux-etudiants-etrangers-et-aux-italiens-residant-a-letranger\/\">\n                                    <span class=\"text\">Lire la suite<\/span>\n                                    <svg class=\"icon\">\n                                    <use xlink:href=\"https:\/\/ambconakry.esteri.it\/wp-content\/themes\/sedi-tema\/assets\/svg\/sprites.svg#it-arrow-right\"><\/use>\n                                    <\/svg>\n                                <\/a>\n                                                    <\/div>\n                    <\/div>\n                <\/div>\n                <!--end card-->\n                <\/div><!-- col-12 .mt-3-->\n            \n            <div class=\"col-md-12 mt-4 pb-4\">\n                <nav class=\"navigation col-md-12\" aria-label=\"Navigation\">\n                    <h2 class=\"screen-reader-text visually-hidden\">Pagination<\/h2>\n                    <div class=\"nav-links\">\n                                        <\/div>\n                <\/nav>\n            <\/div>   <!--.col-md-12 -->\n              <\/div><!--.row -->\n              \n","protected":false},"excerpt":{"rendered":"","protected":false},"author":1,"featured_media":0,"parent":0,"menu_order":8,"comment_status":"closed","ping_status":"closed","template":"","meta":{"footnotes":""},"class_list":["post-418","page","type-page","status-publish","hentry"],"_links":{"self":[{"href":"https:\/\/ambconakry.esteri.it\/fr\/wp-json\/wp\/v2\/pages\/418","targetHints":{"allow":["GET"]}}],"collection":[{"href":"https:\/\/ambconakry.esteri.it\/fr\/wp-json\/wp\/v2\/pages"}],"about":[{"href":"https:\/\/ambconakry.esteri.it\/fr\/wp-json\/wp\/v2\/types\/page"}],"author":[{"embeddable":true,"href":"https:\/\/ambconakry.esteri.it\/fr\/wp-json\/wp\/v2\/users\/1"}],"replies":[{"embeddable":true,"href":"https:\/\/ambconakry.esteri.it\/fr\/wp-json\/wp\/v2\/comments?post=418"}],"version-history":[{"count":1,"href":"https:\/\/ambconakry.esteri.it\/fr\/wp-json\/wp\/v2\/pages\/418\/revisions"}],"predecessor-version":[{"id":430,"href":"https:\/\/ambconakry.esteri.it\/fr\/wp-json\/wp\/v2\/pages\/418\/revisions\/430"}],"wp:attachment":[{"href":"https:\/\/ambconakry.esteri.it\/fr\/wp-json\/wp\/v2\/media?parent=418"}],"curies":[{"name":"wp","href":"https:\/\/api.w.org\/{rel}","templated":true}]}}