{"id":434,"date":"2023-04-11T17:53:01","date_gmt":"2023-04-11T17:53:01","guid":{"rendered":"https:\/\/ambconakry.esteri.it\/chi-siamo\/lambasciatore\/"},"modified":"2025-03-20T16:38:39","modified_gmt":"2025-03-20T16:38:39","slug":"lambasciatore","status":"publish","type":"page","link":"https:\/\/ambconakry.esteri.it\/fr\/chi-siamo\/lambasciatore\/","title":{"rendered":"L\u2019Ambassadeur"},"content":{"rendered":"<p><img loading=\"lazy\" decoding=\"async\" class=\"alignnone wp-image-363 img-fluid\" src=\"https:\/\/ambconakry.esteri.it\/wp-content\/uploads\/2025\/02\/Foto-Sito-Palla-redux.jpg\" alt=\"\" width=\"335\" height=\"327\" srcset=\"https:\/\/ambconakry.esteri.it\/wp-content\/uploads\/2025\/02\/Foto-Sito-Palla-redux.jpg 1745w, https:\/\/ambconakry.esteri.it\/wp-content\/uploads\/2025\/02\/Foto-Sito-Palla-redux-300x293.jpg 300w, https:\/\/ambconakry.esteri.it\/wp-content\/uploads\/2025\/02\/Foto-Sito-Palla-redux-1024x999.jpg 1024w, https:\/\/ambconakry.esteri.it\/wp-content\/uploads\/2025\/02\/Foto-Sito-Palla-redux-768x749.jpg 768w\" sizes=\"auto, (max-width: 335px) 100vw, 335px\" \/><\/p>\n<p>L\u2019Ambassadeur<\/p>\n<p>Tarek CHAZLI<\/p>\n<p>Ambassadeur d\u2019Italie \u00e0 Conakry (R\u00e9publique de Guin\u00e9e) depuis le 7\u00a0janvier\u00a02025.<\/p>\n<p>N\u00e9 \u00e0 Saragosse (Espagne) le 16 d\u00e9cembre 1975 et \u00e9lev\u00e9 en Allemagne, Syrie et Italie, il est dipl\u00f4m\u00e9 en sciences politiques de l\u2019universit\u00e9 d\u2019\u00c9tat de Milan. Apr\u00e8s avoir complet\u00e9 un dipl\u00f4me d\u2019\u00e9tudes approfondies en g\u00e9opolitique \u00e0 Paris, il obtient une ma\u00eetrise en affaires internationales \u00e0 l\u2019ISPI de Milan. Apr\u00e8s un concours, il entre \u00e0 la diplomatie en 2001.<\/p>\n<p>Arabiste, au cours de ses fonctions au minist\u00e8re des Affaires \u00e9trang\u00e8res, il occupe des postes dans l\u2019ancienne direction g\u00e9n\u00e9rale pour les pays du Moyen-Orient et de la M\u00e9diterran\u00e9e, s\u2019occupant notamment de l\u2019Irak (\u00e0 Rome et Bagdad en 2003-2004) et de la Syrie (\u00e0 Rome et \u00e0 la fronti\u00e8re turco-syrienne en 2012-2015).<\/p>\n<p>\u00c0 l\u2019\u00e9tranger, il a \u00e9t\u00e9 Chef de Mission adjoint aupr\u00e8s des Ambassades d\u2019Italie \u00e0 Mascate (2004-2008), Al Kuwait (2008-2012), Abuja (2015) et La Haye (2015-2018).<\/p>\n<p>Entre juin\u00a02018 et ao\u00fbt\u00a02023, il est de nouveau \u00e0 Abuja en tant que chef de mission adjoint aupr\u00e8s de l\u2019ambassade d\u2019Italie aupr\u00e8s de la R\u00e9publique f\u00e9d\u00e9rale du Nigeria, de la R\u00e9publique du B\u00e9nin et de la Communaut\u00e9 \u00e9conomique des \u00c9tats de l\u2019Afrique de l\u2019Ouest (CEDEAO).<\/p>\n<p>Il arrive \u00e0 Conakry de la Direction G\u00e9n\u00e9rale pour la Coop\u00e9ration au D\u00e9veloppement du MAECI, o\u00f9 il a travaill\u00e9 aupr\u00e8s de l&#8217;unit\u00e9 pour les interventions internationales d\u2019urgence humanitaire en contribuant, entre autres, \u00e0 la mise en \u0153uvre de l\u2019initiative italienne Food for Gaza.<\/p>\n<p>Il parle couramment le fran\u00e7ais, l\u2019anglais et l\u2019arabe et a une bonne connaissance de l\u2019espagnol, du turc et de l\u2019allemand.<\/p>\n<p>Mari\u00e9 et p\u00e8re de quatre enfants, il est passionn\u00e9 par l\u2019histoire, l\u2019art et l\u2019architecture de l\u2019Afrique occidentale.<\/p>\n","protected":false},"excerpt":{"rendered":"L\u2019Ambassadeur Tarek CHAZLI Ambassadeur d\u2019Italie \u00e0 Conakry (R\u00e9publique de Guin\u00e9e) depuis le 7\u00a0janvier\u00a02025. N\u00e9 \u00e0 Saragosse (Espagne) le 16 d\u00e9cembre 1975 et \u00e9lev\u00e9 en Allemagne, Syrie et Italie, il est dipl\u00f4m\u00e9 en sciences politiques de l\u2019universit\u00e9 d\u2019\u00c9tat de Milan. Apr\u00e8s avoir complet\u00e9 un dipl\u00f4me d\u2019\u00e9tudes approfondies en g\u00e9opolitique \u00e0 Paris, il obtient une ma\u00eetrise en [&hellip;]","protected":false},"author":1,"featured_media":0,"parent":414,"menu_order":0,"comment_status":"closed","ping_status":"closed","template":"","meta":{"footnotes":""},"class_list":["post-434","page","type-page","status-publish","hentry"],"_links":{"self":[{"href":"https:\/\/ambconakry.esteri.it\/fr\/wp-json\/wp\/v2\/pages\/434","targetHints":{"allow":["GET"]}}],"collection":[{"href":"https:\/\/ambconakry.esteri.it\/fr\/wp-json\/wp\/v2\/pages"}],"about":[{"href":"https:\/\/ambconakry.esteri.it\/fr\/wp-json\/wp\/v2\/types\/page"}],"author":[{"embeddable":true,"href":"https:\/\/ambconakry.esteri.it\/fr\/wp-json\/wp\/v2\/users\/1"}],"replies":[{"embeddable":true,"href":"https:\/\/ambconakry.esteri.it\/fr\/wp-json\/wp\/v2\/comments?post=434"}],"version-history":[{"count":4,"href":"https:\/\/ambconakry.esteri.it\/fr\/wp-json\/wp\/v2\/pages\/434\/revisions"}],"predecessor-version":[{"id":542,"href":"https:\/\/ambconakry.esteri.it\/fr\/wp-json\/wp\/v2\/pages\/434\/revisions\/542"}],"up":[{"embeddable":true,"href":"https:\/\/ambconakry.esteri.it\/fr\/wp-json\/wp\/v2\/pages\/414"}],"wp:attachment":[{"href":"https:\/\/ambconakry.esteri.it\/fr\/wp-json\/wp\/v2\/media?parent=434"}],"curies":[{"name":"wp","href":"https:\/\/api.w.org\/{rel}","templated":true}]}}