{"id":437,"date":"2023-04-11T17:55:33","date_gmt":"2023-04-11T17:55:33","guid":{"rendered":"https:\/\/ambconakry.esteri.it\/chi-siamo\/la-sede\/"},"modified":"2025-03-20T17:19:44","modified_gmt":"2025-03-20T17:19:44","slug":"la-sede","status":"publish","type":"page","link":"https:\/\/ambconakry.esteri.it\/fr\/chi-siamo\/la-sede\/","title":{"rendered":"Le Si\u00e8ge"},"content":{"rendered":"<p><img loading=\"lazy\" decoding=\"async\" class=\"alignnone size-full wp-image-521 img-fluid\" src=\"https:\/\/ambconakry.esteri.it\/wp-content\/uploads\/2025\/02\/Kakimbo.jpg\" alt=\"\" width=\"194\" height=\"259\" \/><\/p>\n<p>Depuis mars 2022, l\u2019ambassade d\u2019Italie \u00e0 Conakry se trouve \u00e0 l\u2019adresse suivante :<br \/>\nTours Jumelles de Kakimbo, Koloma, Commune de Ratoma, Conakry<\/p>\n<p>ATTENTION: Malgr\u00e9 des demandes r\u00e9p\u00e9t\u00e9es \u00e0 Google et l\u2019insertion de propositions de changement d\u2019adresse dans Google Map, les services de Google continuent \u00e0 indiquer par erreur comme Si\u00e8ge de l\u2019Ambassade le b\u00e2timent, une villa r\u00e9sidentielle situ\u00e9e dans le quartier Mini\u00e8re \u00e0 Dixxin, o\u00f9 elle se trouvait avant 2022. Pour vous rendre \u00e0 l\u2019ambassade, il suffit d\u2019entrer dans le navigateur &#8216;Tours Jumelles de Kakimbo&#8217;.<\/p>\n","protected":false},"excerpt":{"rendered":"Depuis mars 2022, l\u2019ambassade d\u2019Italie \u00e0 Conakry se trouve \u00e0 l\u2019adresse suivante : Tours Jumelles de Kakimbo, Koloma, Commune de Ratoma, Conakry ATTENTION: Malgr\u00e9 des demandes r\u00e9p\u00e9t\u00e9es \u00e0 Google et l\u2019insertion de propositions de changement d\u2019adresse dans Google Map, les services de Google continuent \u00e0 indiquer par erreur comme Si\u00e8ge de l\u2019Ambassade le b\u00e2timent, une [&hellip;]","protected":false},"author":1,"featured_media":0,"parent":414,"menu_order":2,"comment_status":"closed","ping_status":"closed","template":"","meta":{"footnotes":""},"class_list":["post-437","page","type-page","status-publish","hentry"],"_links":{"self":[{"href":"https:\/\/ambconakry.esteri.it\/fr\/wp-json\/wp\/v2\/pages\/437","targetHints":{"allow":["GET"]}}],"collection":[{"href":"https:\/\/ambconakry.esteri.it\/fr\/wp-json\/wp\/v2\/pages"}],"about":[{"href":"https:\/\/ambconakry.esteri.it\/fr\/wp-json\/wp\/v2\/types\/page"}],"author":[{"embeddable":true,"href":"https:\/\/ambconakry.esteri.it\/fr\/wp-json\/wp\/v2\/users\/1"}],"replies":[{"embeddable":true,"href":"https:\/\/ambconakry.esteri.it\/fr\/wp-json\/wp\/v2\/comments?post=437"}],"version-history":[{"count":2,"href":"https:\/\/ambconakry.esteri.it\/fr\/wp-json\/wp\/v2\/pages\/437\/revisions"}],"predecessor-version":[{"id":557,"href":"https:\/\/ambconakry.esteri.it\/fr\/wp-json\/wp\/v2\/pages\/437\/revisions\/557"}],"up":[{"embeddable":true,"href":"https:\/\/ambconakry.esteri.it\/fr\/wp-json\/wp\/v2\/pages\/414"}],"wp:attachment":[{"href":"https:\/\/ambconakry.esteri.it\/fr\/wp-json\/wp\/v2\/media?parent=437"}],"curies":[{"name":"wp","href":"https:\/\/api.w.org\/{rel}","templated":true}]}}