{"id":439,"date":"2023-04-11T18:01:19","date_gmt":"2023-04-11T18:01:19","guid":{"rendered":"https:\/\/ambconakry.esteri.it\/chi-siamo\/gli-uffici\/"},"modified":"2025-03-20T16:50:19","modified_gmt":"2025-03-20T16:50:19","slug":"gli-uffici","status":"publish","type":"page","link":"https:\/\/ambconakry.esteri.it\/fr\/chi-siamo\/gli-uffici\/","title":{"rendered":"Les bureaux"},"content":{"rendered":"<p><img loading=\"lazy\" decoding=\"async\" class=\"alignnone size-full wp-image-521 img-fluid\" src=\"https:\/\/ambconakry.esteri.it\/wp-content\/uploads\/2025\/02\/Kakimbo.jpg\" alt=\"\" width=\"194\" height=\"259\" \/><\/p>\n<p>Depuis mars\u00a02022, l\u2019ambassade d\u2019Italie \u00e0 Conakry se trouve \u00e0 l\u2019adresse suivante\u00a0:<\/p>\n<p>Tours Jumelles de Kakimbo, Koloma, Commune de Ratoma, Conakry<\/p>\n<p>&nbsp;<\/p>\n<p>LES BUREAUX<\/p>\n<p>Secr\u00e9tariat<br \/>\nT\u00e9l\u00a0: 00224\u00a0610 00 01 01<br \/>\nE-mail conakry.segreteria@esteri.it<br \/>\nPec\u00a0: amb.conakry@cert.esteri.it<br \/>\nLe num\u00e9ro du secr\u00e9tariat est actif du lundi au vendredi de 9h \u00e0 13h et de 14h30 \u00e0 16h30<\/p>\n<p>Num\u00e9ro d\u2019urgence*\u00a0: 00224\u00a0613335959<\/p>\n<p>* : Les urgences sont des situations dans lesquelles il existe un besoin urgent d\u2019assistance aux citoyens italiens ou aux membres non italiens de leur famille en dehors des heures d\u2019ouverture des bureaux, par exemple en cas d\u2019accident grave entra\u00eenant une hospitalisation ou de d\u00e9c\u00e8s; Arrestations; perte \/ vol \/ confiscation de documents de voyage.<\/p>\n<p>&nbsp;<\/p>\n<p>CALENDRIER DE FERMETURE\u00a0:<\/p>\n<p>Au cours de l\u2019ann\u00e9e 2025, les bureaux de l\u2019ambassade seront ferm\u00e9s pour des vacances selon le calendrier suivant\u00a0:<\/p>\n<p>1\u00a0janvier Nouvel an<\/p>\n<p>6\u00a0janvier \u00c9piphanie<\/p>\n<p>21\u00a0avril Lundi de l\u2019Ange<\/p>\n<p>25\u00a0avril F\u00eate de la Lib\u00e9ration<\/p>\n<p>1\u00a0mai F\u00eate du travail<\/p>\n<p>6\u00a0juin Tabasky (Eid el-Adha)<\/p>\n<p>15\u00a0ao\u00fbt Recrutement<\/p>\n<p>2\u00a0octobre F\u00eate de l\u2019Ind\u00e9pendance de la Guin\u00e9e<\/p>\n<p>1\u00a0novembre Tous les Saints<\/p>\n<p>25\u00a0d\u00e9cembre No\u00ebl<\/p>\n<p>26\u00a0d\u00e9cembre Santo Stefano<\/p>\n<p>&nbsp;<\/p>\n<p>Antenne de Conakry du Bureau de l\u2019Agence Italienne pour la Coop\u00e9ration au D\u00e9veloppement (AICS) \u00e0 Dakar\u00a0:<\/p>\n<p>Dr. Marco Manzelli<\/p>\n<p>Immeuble Michelin, Quartier Camayenne, Conakry<\/p>\n<p>T\u00e9l\u00a0: 00224\u00a0623\u00a0390599<\/p>\n<p>Mail\u00a0: marco.manzelli@aics.gov.it<\/p>\n<p>Page Web\u00a0: Guin\u00e9e Conakry | AICS &#8211; Dakar<\/p>\n<p>&nbsp;<\/p>\n<p>AVIS AUX UTILISATEURS DES SERVICES CONSULAIRES ET VISAS:<\/p>\n<p>L\u2019ambassade d\u2019Italie \u00e0 Conakry ne dispose pas encore des comp\u00e9tences consulaires et en mati\u00e8re de d\u00e9livrance de visas. En particulier, la Guin\u00e9e rel\u00e8ve de la circonscription consulaire de l\u2019ambassade d\u2019Italie \u00e0 Dakar.<\/p>\n","protected":false},"excerpt":{"rendered":"Depuis mars\u00a02022, l\u2019ambassade d\u2019Italie \u00e0 Conakry se trouve \u00e0 l\u2019adresse suivante\u00a0: Tours Jumelles de Kakimbo, Koloma, Commune de Ratoma, Conakry &nbsp; LES BUREAUX Secr\u00e9tariat T\u00e9l\u00a0: 00224\u00a0610 00 01 01 E-mail conakry.segreteria@esteri.it Pec\u00a0: amb.conakry@cert.esteri.it Le num\u00e9ro du secr\u00e9tariat est actif du lundi au vendredi de 9h \u00e0 13h et de 14h30 \u00e0 16h30 Num\u00e9ro d\u2019urgence*\u00a0: 00224\u00a0613335959 [&hellip;]","protected":false},"author":1,"featured_media":0,"parent":414,"menu_order":4,"comment_status":"closed","ping_status":"closed","template":"","meta":{"footnotes":""},"class_list":["post-439","page","type-page","status-publish","hentry"],"_links":{"self":[{"href":"https:\/\/ambconakry.esteri.it\/fr\/wp-json\/wp\/v2\/pages\/439","targetHints":{"allow":["GET"]}}],"collection":[{"href":"https:\/\/ambconakry.esteri.it\/fr\/wp-json\/wp\/v2\/pages"}],"about":[{"href":"https:\/\/ambconakry.esteri.it\/fr\/wp-json\/wp\/v2\/types\/page"}],"author":[{"embeddable":true,"href":"https:\/\/ambconakry.esteri.it\/fr\/wp-json\/wp\/v2\/users\/1"}],"replies":[{"embeddable":true,"href":"https:\/\/ambconakry.esteri.it\/fr\/wp-json\/wp\/v2\/comments?post=439"}],"version-history":[{"count":2,"href":"https:\/\/ambconakry.esteri.it\/fr\/wp-json\/wp\/v2\/pages\/439\/revisions"}],"predecessor-version":[{"id":548,"href":"https:\/\/ambconakry.esteri.it\/fr\/wp-json\/wp\/v2\/pages\/439\/revisions\/548"}],"up":[{"embeddable":true,"href":"https:\/\/ambconakry.esteri.it\/fr\/wp-json\/wp\/v2\/pages\/414"}],"wp:attachment":[{"href":"https:\/\/ambconakry.esteri.it\/fr\/wp-json\/wp\/v2\/media?parent=439"}],"curies":[{"name":"wp","href":"https:\/\/api.w.org\/{rel}","templated":true}]}}