{"id":444,"date":"2023-04-11T18:08:31","date_gmt":"2023-04-11T18:08:31","guid":{"rendered":"https:\/\/ambconakry.esteri.it\/chi-siamo\/la-rete-consolare\/"},"modified":"2025-03-20T16:54:56","modified_gmt":"2025-03-20T16:54:56","slug":"la-rete-consolare","status":"publish","type":"page","link":"https:\/\/ambconakry.esteri.it\/fr\/chi-siamo\/la-rete-consolare\/","title":{"rendered":"Le r\u00e9seau consulaire"},"content":{"rendered":"<p>Le consulat honoraire d\u2019Italie \u00e0 Conakry a cess\u00e9 ses fonctions en 2021.<\/p>\n<p>Les comp\u00e9tences en mati\u00e8re consulaire et de visas en Guin\u00e9e sont confi\u00e9es \u00e0 l\u2019Ambassade d\u2019Italie \u00e0 Dakar, assist\u00e9e par l\u2019Ambassade d\u2019Italie \u00e0 Conakry (pour les contacts voir la rubrique &#8216;Les Bureaux&#8217;).<\/p>\n","protected":false},"excerpt":{"rendered":"Le consulat honoraire d\u2019Italie \u00e0 Conakry a cess\u00e9 ses fonctions en 2021. Les comp\u00e9tences en mati\u00e8re consulaire et de visas en Guin\u00e9e sont confi\u00e9es \u00e0 l\u2019Ambassade d\u2019Italie \u00e0 Dakar, assist\u00e9e par l\u2019Ambassade d\u2019Italie \u00e0 Conakry (pour les contacts voir la rubrique &#8216;Les Bureaux&#8217;).","protected":false},"author":1,"featured_media":0,"parent":414,"menu_order":8,"comment_status":"closed","ping_status":"closed","template":"","meta":{"footnotes":""},"class_list":["post-444","page","type-page","status-publish","hentry"],"_links":{"self":[{"href":"https:\/\/ambconakry.esteri.it\/fr\/wp-json\/wp\/v2\/pages\/444","targetHints":{"allow":["GET"]}}],"collection":[{"href":"https:\/\/ambconakry.esteri.it\/fr\/wp-json\/wp\/v2\/pages"}],"about":[{"href":"https:\/\/ambconakry.esteri.it\/fr\/wp-json\/wp\/v2\/types\/page"}],"author":[{"embeddable":true,"href":"https:\/\/ambconakry.esteri.it\/fr\/wp-json\/wp\/v2\/users\/1"}],"replies":[{"embeddable":true,"href":"https:\/\/ambconakry.esteri.it\/fr\/wp-json\/wp\/v2\/comments?post=444"}],"version-history":[{"count":2,"href":"https:\/\/ambconakry.esteri.it\/fr\/wp-json\/wp\/v2\/pages\/444\/revisions"}],"predecessor-version":[{"id":550,"href":"https:\/\/ambconakry.esteri.it\/fr\/wp-json\/wp\/v2\/pages\/444\/revisions\/550"}],"up":[{"embeddable":true,"href":"https:\/\/ambconakry.esteri.it\/fr\/wp-json\/wp\/v2\/pages\/414"}],"wp:attachment":[{"href":"https:\/\/ambconakry.esteri.it\/fr\/wp-json\/wp\/v2\/media?parent=444"}],"curies":[{"name":"wp","href":"https:\/\/api.w.org\/{rel}","templated":true}]}}