{"id":450,"date":"2023-04-11T18:11:52","date_gmt":"2023-04-11T18:11:52","guid":{"rendered":"https:\/\/ambconakry.esteri.it\/italia-e-guinea\/cooperazione-allo-sviluppo\/"},"modified":"2025-04-13T23:06:36","modified_gmt":"2025-04-13T23:06:36","slug":"cooperazione-allo-sviluppo","status":"publish","type":"page","link":"https:\/\/ambconakry.esteri.it\/fr\/italia-e-guinea\/cooperazione-allo-sviluppo\/","title":{"rendered":"Coop\u00e9ration au d\u00e9veloppement"},"content":{"rendered":"<p><strong>LES ACTIVIT\u00c9S DE COOP\u00c9RATION DE L&#8217;ITALIE EN R\u00c9PUBLIQUE DE GUIN\u00c9E (fiche r\u00e9alis\u00e9e par l\u2019Antenne AICS de Conakry en coordination avec l\u2019Ambassade d&#8217;Italie. Mise \u00e0 jour en avril 2024)<\/strong><\/p>\n<ol>\n<li><strong>Cadre des relations<\/strong><\/li>\n<\/ol>\n<p>L\u2019Italie, avec son action de coop\u00e9ration au d\u00e9veloppement, est pr\u00e9sente en Guin\u00e9e depuis plus de trente ans, dans le but de r\u00e9duire la pauvret\u00e9 et de promouvoir la participation des acteurs locaux au d\u00e9veloppement du pays. Avec environ 50 millions d\u2019aide au d\u00e9veloppement, et gr\u00e2ce aux ressources guin\u00e9ennes lib\u00e9r\u00e9es par l\u2019annulation de la dette en 2003, l\u2019Italie a soutenu le d\u00e9veloppement des associations de base en adoptant une m\u00e9thodologie participative sans \u00e9quivalent dans le pays.<\/p>\n<p>Plus r\u00e9cemment, et en particulier depuis la cr\u00e9ation de l&#8217;Agence italienne de coop\u00e9ration au d\u00e9veloppement et de son si\u00e8ge r\u00e9gional \u00e0 Dakar en 2016, \u00e9galement accr\u00e9dit\u00e9e en Guin\u00e9e, les financements se sont concentr\u00e9s en faveur de programmes r\u00e9gionaux mis en \u0153uvre par des organisations internationales et de projets nationaux mis en \u0153uvre par des ONG italiennes dans les domaines de la sant\u00e9, du d\u00e9veloppement rural, de la d\u00e9fense des droits de l&#8217;enfant et de la lutte contre les migrations.<\/p>\n<p>En g\u00e9n\u00e9ral, le secteur agricole, avec l\u2019appui \u00e0 la production des associations de producteurs dans les zones les plus pauvres, est consid\u00e9r\u00e9 comme prioritaire tant pour l\u2019impact sur la pauvret\u00e9 que pour l\u2019implication d\u2019acteurs non structur\u00e9s mais ancr\u00e9s dans le territoire. En outre, en synergie avec les priorit\u00e9s sectorielles du gouvernement, l&#8217;Italie s&#8217;est engag\u00e9e dans le secteur de la sant\u00e9, avec pour objectif ultime d&#8217;am\u00e9liorer l&#8217;\u00e9tat de sant\u00e9 de la population guin\u00e9enne avec des interventions visant \u00e0 restaurer et \u00e0 renforcer le syst\u00e8me national de sant\u00e9 du pays apr\u00e8s l&#8217;\u00e9pid\u00e9mie d&#8217;Ebola et \u00e0 prot\u00e9ger la sant\u00e9 des personnes touch\u00e9es par les maladies sexuellement transmissibles.<\/p>\n<p>Avec le lancement du Plan Mattei en 2024, l\u2019Italie a consid\u00e9rablement \u00e9largi sa pr\u00e9sence sur le continent africain en identifiant de nouveaux pays prioritaires pour les actions de coop\u00e9ration, dont la R\u00e9publique de Guin\u00e9e. Cette nouvelle approche a permis de canaliser, avec l\u2019exercice de programmation 2024, d\u2019importantes ressources \u00e9conomiques vers de nouvelles interventions de coop\u00e9ration, renfor\u00e7ant et \u00e9largissant les secteurs d\u2019intervention traditionnellement couverts par l\u2019Italie dans le pays. Les relations avec les institutions gouvernementales locales se sont \u00e9galement consolid\u00e9es et \u00e9largies, augmentant la visibilit\u00e9 de l\u2019Italie au niveau national.<\/p>\n<p>L&#8217;Italie fait partie des pays qui ont particip\u00e9 activement \u00e0 l&#8217;\u00e9laboration de la programmation conjointe de l&#8217;UE pour la p\u00e9riode 2024-2027, un document finalis\u00e9 en juillet 2024 et actuellement en phase d&#8217;approbation. Le document de programmation, align\u00e9 sur les r\u00e9cents plans de d\u00e9veloppement du pays, d\u00e9finit une strat\u00e9gie partag\u00e9e par l&#8217;Union europ\u00e9enne et les \u00c9tats membres, indiquant \u00e9galement les objectifs pour chaque secteur d&#8217;intervention. Un exercice de coop\u00e9ration d\u00e9l\u00e9gu\u00e9e est en cours avec la D\u00e9l\u00e9gation europ\u00e9enne dans le domaine de la \u00ab migration \u00bb, avec un accent particulier sur les activit\u00e9s de r\u00e9int\u00e9gration des migrants de retour.<\/p>\n<p>L&#8217;Italie adh\u00e8re \u00e9galement aux TEI \u00c9conomie verte et bleue (EVB) (2021-2027), Stabilit\u00e9 et bonne gouvernance et Migration (Route Atlantique\/M\u00e9diterran\u00e9e occidentale &#8211; Route M\u00e9diterran\u00e9e centrale).<\/p>\n<p>&nbsp;<\/p>\n<ol start=\"2\">\n<li><strong>R\u00e9sum\u00e9 des initiatives de coop\u00e9ration<\/strong><\/li>\n<\/ol>\n<p>L&#8217;Italie finance actuellement <strong>onze (11) initiatives<\/strong> de coop\u00e9ration, dont <strong>six (6) au niveau national<\/strong> pour un montant total de 16 399 414 \u20ac, et <strong>cinq (5) au niveau r\u00e9gional<\/strong> pour un montant total de 19 300 000 \u20ac avec une allocation pour la Guin\u00e9e de 5 133 333 \u20ac.<\/p>\n<p>Le montant total est de 35 699 414 \u20ac, avec une allocation totale pour la Guin\u00e9e de <strong>21 532 747 \u20ac<\/strong>.<\/p>\n<p>Les principaux domaines d&#8217;intervention sont : la s\u00e9curit\u00e9 alimentaire et le d\u00e9veloppement rural, la sant\u00e9 et la sant\u00e9 sexuelle et reproductive, la formation professionnelle et l&#8217;emploi, le soutien aux PME, la migration, les droits de l&#8217;enfant et de la femme, le d\u00e9veloppement humain.<\/p>\n<p>Toutes les initiatives sont conformes aux directives de la coop\u00e9ration italienne concernant l\u2019\u00e9galit\u00e9 des sexes et l\u2019autonomisation des femmes, des filles et des enfants, ainsi que la protection des droits des mineurs et des personnes handicap\u00e9es et leur inclusion sociale.<\/p>\n<p>Le r\u00e9sum\u00e9 des initiatives en cours et en phase de d\u00e9marrage est pr\u00e9sent\u00e9 dans le tableau suivant.<\/p>\n<p>Tableau 1. R\u00e9publique de Guin\u00e9e : synth\u00e8se des initiatives de coop\u00e9ration par secteur d&#8217;intervention et financement (\u20ac)<\/p>\n<table width=\"100%\">\n<tbody>\n<tr>\n<td colspan=\"4\" width=\"100%\"><strong>INITIATIVES NATIONALES<\/strong><\/td>\n<\/tr>\n<tr>\n<td width=\"20%\"><strong>Macro-secteur<\/strong><\/td>\n<td width=\"46%\"><strong>Secteur sp\u00e9cifique<\/strong><\/td>\n<td width=\"18%\"><\/td>\n<td width=\"13%\"><strong>Total Guin\u00e9e<\/strong><\/td>\n<\/tr>\n<tr>\n<td width=\"20%\">Emploi et jeunesse<\/td>\n<td width=\"46%\">Cr\u00e9ation d\u2019emploi, soutien aux PMI, fili\u00e8res agricoles<\/td>\n<td width=\"18%\"><\/td>\n<td width=\"13%\">1 900 000<\/td>\n<\/tr>\n<tr>\n<td width=\"20%\">Migration<\/td>\n<td width=\"46%\">Droits humains, protection<\/td>\n<td width=\"18%\"><\/td>\n<td width=\"13%\">3 000 000<\/td>\n<\/tr>\n<tr>\n<td width=\"20%\">Sant\u00e9<\/td>\n<td width=\"46%\">Sant\u00e9 sexuelle et reproductive<\/td>\n<td width=\"18%\"><\/td>\n<td width=\"13%\">3 000 000<\/td>\n<\/tr>\n<tr>\n<td width=\"20%\">D\u00e9veloppement rural<\/td>\n<td width=\"46%\">Agriculture et s\u00e9curit\u00e9 alimentaire<\/td>\n<td width=\"18%\"><\/td>\n<td width=\"13%\">8 499 414<\/td>\n<\/tr>\n<tr>\n<td colspan=\"3\" width=\"86%\"><strong>Subtotal initiatives nationales<\/strong><\/td>\n<td width=\"13%\"><strong>16 399 414 <\/strong><\/td>\n<\/tr>\n<tr>\n<td width=\"20%\"><\/td>\n<td width=\"46%\"><\/td>\n<td width=\"18%\"><\/td>\n<td width=\"13%\"><\/td>\n<\/tr>\n<tr>\n<td colspan=\"4\" width=\"100%\"><strong>INITIATIVES REGIONALES<\/strong><\/td>\n<\/tr>\n<tr>\n<td width=\"20%\"><strong>Macro-secteur<\/strong><\/td>\n<td width=\"46%\"><strong>Secteur sp\u00e9cifique<\/strong><\/td>\n<td width=\"18%\"><strong>Total<\/strong><\/td>\n<td width=\"13%\"><strong>Total Guin\u00e9e<\/strong><\/td>\n<\/tr>\n<tr>\n<td width=\"20%\">Droits de l&#8217;homme<\/td>\n<td width=\"46%\">Droits des enfants<\/td>\n<td width=\"18%\">4 000 000,00<\/td>\n<td width=\"13%\">800 000<\/td>\n<\/tr>\n<tr>\n<td width=\"20%\">Migration<\/td>\n<td width=\"46%\">Cr\u00e9ation d&#8217;emplois; Migration; PMI<\/td>\n<td width=\"18%\">4 000 000,00<\/td>\n<td width=\"13%\">1 333 333<\/td>\n<\/tr>\n<tr>\n<td width=\"20%\">D\u00e9veloppement rural<\/td>\n<td width=\"46%\">Valorisation des fili\u00e8res agricoles<\/td>\n<td width=\"18%\">8 300 000,00<\/td>\n<td width=\"13%\">2 400 000<\/td>\n<\/tr>\n<tr>\n<td width=\"20%\">D\u00e9veloppement humain<\/td>\n<td width=\"46%\">Cr\u00e9ation d&#8217;emplois; Sant\u00e9<\/td>\n<td width=\"18%\">3 000 000,00<\/td>\n<td width=\"13%\">600 000<\/td>\n<\/tr>\n<tr>\n<td colspan=\"2\" width=\"67%\"><strong>Subtotal initiatives r\u00e9gionales<\/strong><\/td>\n<td width=\"18%\"><strong>19 300 000,00 \u20ac <\/strong><\/td>\n<td width=\"13%\"><strong>5 133 333 <\/strong><\/td>\n<\/tr>\n<tr>\n<td width=\"20%\"><\/td>\n<td width=\"46%\"><\/td>\n<td width=\"18%\"><\/td>\n<td width=\"13%\"><\/td>\n<\/tr>\n<tr>\n<td colspan=\"3\" width=\"86%\"><strong>TOTAL ALLOCATION NATIONALE<\/strong><\/td>\n<td width=\"13%\"><strong>21 532 747 \u20ac <\/strong><\/td>\n<\/tr>\n<\/tbody>\n<\/table>\n<p>&nbsp;<\/p>\n<ol start=\"3\">\n<li><strong>D\u00e9tail des initiatives de coop\u00e9ration<\/strong><\/li>\n<\/ol>\n<p>Ci-dessous le d\u00e9tail des initiatives en cours et en phase de d\u00e9marrage par macro-secteur d\u2019intervention.<\/p>\n<p>&nbsp;<\/p>\n<p><u>D\u00e9veloppement rural<\/u><\/p>\n<p>Au niveau national, l\u2019Italie finance actuellement l\u2019initiative bilat\u00e9rale <strong>Programme Agricole Guin\u00e9e Italie (PAGUITA)<\/strong> pour un montant de <strong>4,5 millions d\u2019euros par subvention<\/strong>. Le projet, mis en \u0153uvre par le Minist\u00e8re de l\u2019Agriculture et de l\u2019Elevage, vise \u00e0 contribuer, en coh\u00e9rence avec les politiques et strat\u00e9gies sectorielles nationales, \u00e0 la s\u00e9curit\u00e9 alimentaire et nutritionnelle dans les r\u00e9gions de Conakry et de Kankan en am\u00e9liorant la r\u00e9silience des personnes vuln\u00e9rables avec des interventions dans le secteur horticole et un appui aux organisations et entreprises locales. Pour cette initiative, le Gouvernement guin\u00e9en devrait finaliser les proc\u00e9dures internes pour son entr\u00e9e en vigueur apr\u00e8s la promulgation de l\u2019accord par le Pr\u00e9sident de la R\u00e9publique en d\u00e9cembre 2024. L\u2019initiative vise \u00e0 atteindre environ 10 000 b\u00e9n\u00e9ficiaires directs.<\/p>\n<p>Au niveau national \u00e9galement, ce projet est rejoint par deux nouvelles initiatives r\u00e9cemment approuv\u00e9es et financ\u00e9es dans le cadre de l\u2019appel \u00ab Initiatives promues \u00bb 2023, pour un montant d\u2019environ <strong>2 millions d\u2019euros chacune<\/strong>. Les initiatives sont les suivantes :<\/p>\n<ul>\n<li><strong>Balo Kend\u00f6: <\/strong>renforcement des politiques locales et promotion d&#8217;une agriculture durable pour la s\u00e9curit\u00e9 alimentaire en Guin\u00e9e Foresti\u00e8re (Municipalit\u00e9 de Cuneo et ONG APDAM)<strong> ;<\/strong><\/li>\n<li><strong>RigenerAction Guin\u00e9e : <\/strong>Transition agro\u00e9cologique et cr\u00e9ation de nouvelles opportunit\u00e9s (ONG LVIA et CISV).<\/li>\n<\/ul>\n<p>Au niveau r\u00e9gional, <strong>le Projet d\u2019Appui au D\u00e9veloppement des Fili\u00e8res Semenci\u00e8res du Bassin du Fleuve S\u00e9n\u00e9gal (PAFISEM)<\/strong> est en cours, un projet multilat\u00e9ral mis en \u0153uvre par l\u2019Organisation pour la Valorisation du Fleuve S\u00e9n\u00e9gal (OMVS) pour <strong>un don d\u2019un montant de 7 millions d\u2019euros<\/strong> (le montant pour la Guin\u00e9e est de <strong>1,75 million d\u2019euros<\/strong>). L\u2019initiative vise \u00e0 contribuer \u00e0 la s\u00e9curit\u00e9 alimentaire et au d\u00e9veloppement rural des populations du bassin du fleuve S\u00e9n\u00e9gal en soutenant et en renfor\u00e7ant les cha\u00eenes d\u2019approvisionnement locales en semences. Les activit\u00e9s en Guin\u00e9e se d\u00e9roulent dans la r\u00e9gion de Kankan, pr\u00e9fecture de Siguiri. L\u2019initiative vise \u00e0 atteindre 10 600 b\u00e9n\u00e9ficiaires directs au niveau r\u00e9gional.<\/p>\n<p>Avec l\u2019exercice de programmation 2024, l\u2019initiative <strong>multilat\u00e9rale Cha\u00eene de valeur cacao durable en Afrique de l\u2019Ouest<\/strong> mise en \u0153uvre par Alliance Biodiversity International &amp; CIAT a \u00e9t\u00e9 lanc\u00e9e au niveau r\u00e9gional (C\u00f4te d\u2019Ivoire et Guin\u00e9e) pour un montant total de <strong>1,3 million d\u2019euros par subvention<\/strong> (le montant pour la Guin\u00e9e est de <strong>0,65 million d\u2019euros<\/strong>). Conform\u00e9ment aux priorit\u00e9s nationales et r\u00e9gionales, l\u2019initiative vise \u00e0 r\u00e9pondre, \u00e0 travers l\u2019identification et la formulation d\u2019initiatives ad hoc, aux principaux d\u00e9fis du secteur cacaoyer en Afrique de l\u2019Ouest au profit des petits et moyens producteurs de cacao, des jeunes et des femmes employ\u00e9s dans la cha\u00eene de valeur.<\/p>\n<p>&nbsp;<\/p>\n<p><u>Sant\u00e9<\/u><\/p>\n<p>Avec l\u2019exercice de programmation 2024, le projet sant\u00e9 <strong>Am\u00e9lioration et int\u00e9gration des services de sant\u00e9 pour lutter contre le VIH et les comorbidit\u00e9s en Guin\u00e9e<\/strong> est en phase de d\u00e9marrage au niveau national pour un <strong>subvention de 3 millions d\u2019euros<\/strong>. L\u2019initiative est mise en \u0153uvre par l\u2019Universit\u00e9 de Tor Vergata en partenariat avec l\u2019Universit\u00e9 Gamal Abdel Nasser de Conakry et en collaboration avec la Communaut\u00e9 de Sant\u2019Egidio, active dans le pays depuis des ann\u00e9es avec ses centres d\u2019excellence DREAM. Les r\u00e9gions d&#8217;intervention sont Conakry, Kindia et Nz\u00e9r\u00e9kor\u00e9.<\/p>\n<p>L\u2019initiative vise \u00e0 contribuer \u00e0 l\u2019am\u00e9lioration de la sant\u00e9 publique en Guin\u00e9e, en mettant l\u2019accent sur le renforcement du r\u00e9seau de sant\u00e9 pour lutter contre les principales maladies infectieuses, notamment le VIH, la tuberculose (TB) et le virus du papillome humain (VPH). L\u2019objectif g\u00e9n\u00e9ral est d\u2019assurer une vie saine et de promouvoir le bien-\u00eatre de tous les segments de la population, en particulier les plus vuln\u00e9rables, en renfor\u00e7ant la capacit\u00e9 des \u00e9tablissements de sant\u00e9 locaux \u00e0 r\u00e9pondre aux besoins de la communaut\u00e9. Le projet s\u2019adresse \u00e0 un large groupe cible, notamment les patients, les professionnels de la sant\u00e9 et les communaut\u00e9s locales. L\u2019initiative vise \u00e0 atteindre 18 140 b\u00e9n\u00e9ficiaires directs.<\/p>\n<p>Le projet est r\u00e9alis\u00e9 avec le soutien du Minist\u00e8re de la Sant\u00e9 et de l\u2019Hygi\u00e8ne Publique.<\/p>\n<p>&nbsp;<\/p>\n<p><u>Emploi et jeunesse<\/u><\/p>\n<p>Avec l\u2019exercice de programmation 2024, l\u2019initiative <strong>Projet d\u2019insertion socioprofessionnelle des jeunes en milieu rural en R\u00e9publique de Guin\u00e9e (PROJEUNE) <\/strong>a \u00e9t\u00e9 approuv\u00e9e au niveau national pour <strong>une subvention de 1,9 million d\u2019euros<\/strong>. L&#8217;initiative, qui implique la soci\u00e9t\u00e9 civile italienne op\u00e9rant dans le pays (appel \u00e0 propositions en cours), vise \u00e0 contribuer aux priorit\u00e9s strat\u00e9giques et \u00e0 la transformation structurelle de l&#8217;\u00e9conomie guin\u00e9enne pour cr\u00e9er des emplois et des revenus plus dignes pour les jeunes, les femmes et les personnes handicap\u00e9es \u00e0 travers des interventions dans le secteur agroalimentaire en vue de promouvoir un d\u00e9veloppement \u00e9conomique inclusif. L&#8217;intervention a pour objectif th\u00e9matique le renforcement technique, technologique et organisationnel du syst\u00e8me productif et coop\u00e9ratif guin\u00e9en dans la fili\u00e8re fruits et l\u00e9gumes, \u00e0 travers une strat\u00e9gie int\u00e9gr\u00e9e ax\u00e9e sur la qualification des comp\u00e9tences des jeunes. L\u2019initiative vise \u00e0 atteindre 1000 b\u00e9n\u00e9ficiaires directs, \u00e0 renforcer 6 centres de services agricoles et environ 14 000 b\u00e9n\u00e9ficiaires indirects.<\/p>\n<p>Le processus de renforcement des cha\u00eenes de valeur locales s\u2019inscrit dans l\u2019objectif de promouvoir un mod\u00e8le d\u2019entreprise innovant, tant au niveau de la gestion que de la technologie et du commerce, orient\u00e9 vers le march\u00e9 et caract\u00e9ris\u00e9 par des processus de durabilit\u00e9 \u00e9conomique, sociale et environnementale et d\u2019inclusion des groupes de population les plus vuln\u00e9rables. A cet \u00e9gard, l\u2019initiative s\u2019int\u00e8gre au projet bilat\u00e9ral <strong>PAGUITA<\/strong> qui vise \u00e0 renforcer le secteur horticole dans les r\u00e9gions de Conakry et de Kankan, en soutenant l\u2019entrepreneuriat et les associations locales, notamment les jeunes, hommes et femmes, et les personnes handicap\u00e9es.<\/p>\n<p>Le projet est r\u00e9alis\u00e9 avec l\u2019appui de la Direction Nationale de l\u2019Emploi et de l\u2019Entrepreneuriat du Minist\u00e8re de l\u2019Enseignement Technique, de la Formation Professionnelle et de l\u2019Emploi, des services d\u00e9concentr\u00e9s du Minist\u00e8re de l\u2019Agriculture et de l\u2019Elevage, du Minist\u00e8re de la Jeunesse et des Sports et d\u2019autres institutions et organismes locaux.<\/p>\n<p>&nbsp;<\/p>\n<p><u>Migration et jeunesse<\/u><\/p>\n<p>Au niveau r\u00e9gional, le projet multilat\u00e9ral <strong>D\u00e9veloppement des Potentiels Economiques Locaux en Afrique de l\u2019Ouest (MDP)<\/strong> est en cours pour une <strong>subvention<\/strong> d\u2019un montant de <strong>4 millions d\u2019euros<\/strong> (le montant pour la Guin\u00e9e est de <strong>1,0 million d\u2019euros<\/strong>). L\u2019initiative est mise en \u0153uvre par l\u2019Organisation internationale pour les migrations (OIM). Au niveau national, l\u2019OIM Guin\u00e9e concentre ses activit\u00e9s dans la r\u00e9gion de Bok\u00e9 (Kamsar) et la r\u00e9gion de Lab\u00e9 (Koundara). Son objectif est de contribuer \u00e0 une mobilit\u00e9 s\u00fbre des jeunes au sein des pays et entre eux en faisant correspondre l\u2019offre et la demande de main-d\u2019\u0153uvre interr\u00e9gionales en Guin\u00e9e-Bissau, en Guin\u00e9e Conakry, en Gambie et au S\u00e9n\u00e9gal. Pour la Guin\u00e9e, les activit\u00e9s portent sur la formation et l\u2019insertion professionnelle de 150 jeunes et sur le renforcement des comp\u00e9tences de 40 fonctionnaires du minist\u00e8re et de 30 agents des douanes.<\/p>\n<p>Le projet est r\u00e9alis\u00e9 avec l\u2019appui du Minist\u00e8re des Affaires Etrang\u00e8res et des Guin\u00e9ens de l\u2019Ext\u00e9rieur, du Minist\u00e8re de la Jeunesse et des Sports et du Minist\u00e8re de l\u2019Enseignement Technique, de la Formation Professionnelle et de l\u2019Emploi.<\/p>\n<p>Avec l\u2019exercice de programmation 2024, l\u2019initiative multilat\u00e9rale <strong>Projet d\u2019appui aux initiatives d\u2019inclusion socio-\u00e9conomique et de bien-\u00eatre des familles et des enfants en situation de mobilit\u00e9 en Guin\u00e9e<\/strong> est lanc\u00e9e au niveau national pour une <strong>subvention<\/strong> de <strong>3 millions d\u2019euros<\/strong>. Il s\u2019agit d\u2019une initiative conjointe (Joint Programme) mise en \u0153uvre par les bureaux nationaux de l\u2019Organisation internationale pour les migrations (OIM) et du Haut-Commissariat aux droits de l\u2019homme (HCDH), avec l\u2019OIM comme partenaire chef de file, dans les r\u00e9gions de Conakry, Bok\u00e9, Lab\u00e9, Kankan et Mamou. L\u2019initiative s\u2019inscrit \u00e0 la fois dans les probl\u00e9matiques li\u00e9es \u00e0 la migration irr\u00e9guli\u00e8re et \u00e0 la protection et \u00e0 la sauvegarde des mineurs. Le projet vise \u00e0 accompagner la Guin\u00e9e contre l\u2019exploitation, la traite et la migration irr\u00e9guli\u00e8re dont sont victimes les gar\u00e7ons et les filles, et \u00e0 promouvoir leurs droits et leur bien-\u00eatre.<\/p>\n<p>Le projet est r\u00e9alis\u00e9 avec l\u2019appui du Minist\u00e8re de la Promotion de la Femme, de l\u2019Enfance et des Personnes Vuln\u00e9rables, du Ministre de l\u2019Enseignement Pr\u00e9universitaire et de l\u2019Alphab\u00e9tisation, du Minist\u00e8re de l\u2019Enseignement Technique, de la Formation Professionnelle et de l\u2019Emploi, du Minist\u00e8re de l\u2019Administration Territoriale et de la D\u00e9centralisation et des institutions r\u00e9gionales comp\u00e9tentes.<\/p>\n<p>&nbsp;<\/p>\n<p><u>Droits de l\u2019homme<\/u><\/p>\n<p>Au niveau r\u00e9gional, l\u2019initiative multilat\u00e9rale <strong>Projet d\u2019appui \u00e0 la protection des enfants victimes de violations des droits de l\u2019homme \u2013 phase II (PAPEV II)<\/strong> est en cours pour une <strong>subvention<\/strong> d\u2019un montant de <strong>4 millions d\u2019euros<\/strong> (le montant pour la Guin\u00e9e est de <strong>0,8 million d\u2019euros<\/strong>). L&#8217;initiative est mise en \u0153uvre par le Haut-Commissariat aux droits de l&#8217;homme (HCDH) et vise \u00e0 soutenir la cr\u00e9ation de syst\u00e8mes nationaux de protection de l&#8217;enfance efficaces et conformes aux recommandations des m\u00e9canismes r\u00e9gionaux et internationaux de promotion et de protection des droits de l&#8217;enfant.<\/p>\n<p>L&#8217;initiative int\u00e8gre certaines objectifs et activit\u00e9s avec le Projet national d&#8217;appui aux initiatives d&#8217;inclusion socio-\u00e9conomique et de bien-\u00eatre des familles et des enfants en situation de mobilit\u00e9 en Guin\u00e9e, financ\u00e9 avec les fonds de la programmation 2024 (cf. ci-dessus)<\/p>\n<p>Le projet est r\u00e9alis\u00e9 avec l\u2019appui du Minist\u00e8re de la Promotion de la Femme, de l\u2019Enfant et des Personnes Vuln\u00e9rables et des institutions r\u00e9gionales comp\u00e9tentes.<\/p>\n<p>&nbsp;<\/p>\n<p><u>D\u00e9veloppement humain, femmes et jeunes<\/u><\/p>\n<p>Au niveau r\u00e9gional, l\u2019initiative <strong>Programme d\u2019am\u00e9lioration de la sant\u00e9 des jeunes pour renforcer le dividende d\u00e9mographique (YE4DD) <\/strong>de <strong>3 millions d\u2019euros<\/strong> <strong>par don<\/strong> est en cours (le montant) pour la Guin\u00e9e est de <strong>1,0 million d\u2019euros<\/strong>). L&#8217;initiative est mise en \u0153uvre par le Fonds des Nations Unies pour la population (UNFPA) et vise \u00e0 am\u00e9liorer la qualit\u00e9 de vie des femmes et des jeunes en leur donnant acc\u00e8s \u00e0 des informations et des services de sant\u00e9 \u00e9quitables et de qualit\u00e9 afin de promouvoir une prise de d\u00e9cision \u00e9clair\u00e9e concernant tous les aspects de leur sant\u00e9 et de leur bien-\u00eatre afin de r\u00e9duire la morbidit\u00e9 et la mortalit\u00e9. Le projet vise \u00e9galement \u00e0 am\u00e9liorer les connaissances, les comp\u00e9tences et les attitudes des femmes, des jeunes et des adolescents en mati\u00e8re de sant\u00e9 sexuelle et reproductive, conduisant \u00e0 terme \u00e0 un changement de comportement qui permet aux femmes et aux jeunes de prendre des d\u00e9cisions fond\u00e9es sur des preuves et \u00e9clair\u00e9es et de faire des choix responsables.<\/p>\n<p>Le projet est mis en \u0153uvre dans les r\u00e9gions de Kindia et de Mamou.<\/p>\n","protected":false},"excerpt":{"rendered":"LES ACTIVIT\u00c9S DE COOP\u00c9RATION DE L&#8217;ITALIE EN R\u00c9PUBLIQUE DE GUIN\u00c9E (fiche r\u00e9alis\u00e9e par l\u2019Antenne AICS de Conakry en coordination avec l\u2019Ambassade d&#8217;Italie. Mise \u00e0 jour en avril 2024) Cadre des relations L\u2019Italie, avec son action de coop\u00e9ration au d\u00e9veloppement, est pr\u00e9sente en Guin\u00e9e depuis plus de trente ans, dans le but de r\u00e9duire la pauvret\u00e9 [&hellip;]","protected":false},"author":1,"featured_media":0,"parent":416,"menu_order":6,"comment_status":"closed","ping_status":"closed","template":"","meta":{"footnotes":""},"class_list":["post-450","page","type-page","status-publish","hentry"],"_links":{"self":[{"href":"https:\/\/ambconakry.esteri.it\/fr\/wp-json\/wp\/v2\/pages\/450","targetHints":{"allow":["GET"]}}],"collection":[{"href":"https:\/\/ambconakry.esteri.it\/fr\/wp-json\/wp\/v2\/pages"}],"about":[{"href":"https:\/\/ambconakry.esteri.it\/fr\/wp-json\/wp\/v2\/types\/page"}],"author":[{"embeddable":true,"href":"https:\/\/ambconakry.esteri.it\/fr\/wp-json\/wp\/v2\/users\/1"}],"replies":[{"embeddable":true,"href":"https:\/\/ambconakry.esteri.it\/fr\/wp-json\/wp\/v2\/comments?post=450"}],"version-history":[{"count":3,"href":"https:\/\/ambconakry.esteri.it\/fr\/wp-json\/wp\/v2\/pages\/450\/revisions"}],"predecessor-version":[{"id":589,"href":"https:\/\/ambconakry.esteri.it\/fr\/wp-json\/wp\/v2\/pages\/450\/revisions\/589"}],"up":[{"embeddable":true,"href":"https:\/\/ambconakry.esteri.it\/fr\/wp-json\/wp\/v2\/pages\/416"}],"wp:attachment":[{"href":"https:\/\/ambconakry.esteri.it\/fr\/wp-json\/wp\/v2\/media?parent=450"}],"curies":[{"name":"wp","href":"https:\/\/api.w.org\/{rel}","templated":true}]}}