{"id":40,"date":"2023-04-11T18:01:19","date_gmt":"2023-04-11T16:01:19","guid":{"rendered":"https:\/\/ambasciatapraga.esteri.it\/?page_id=40"},"modified":"2025-02-27T12:39:59","modified_gmt":"2025-02-27T12:39:59","slug":"gli-uffici","status":"publish","type":"page","link":"https:\/\/ambconakry.esteri.it\/it\/chi-siamo\/gli-uffici\/","title":{"rendered":"Gli Uffici"},"content":{"rendered":"<p><img loading=\"lazy\" decoding=\"async\" class=\"alignnone size-full wp-image-521 img-fluid\" src=\"https:\/\/ambconakry.esteri.it\/wp-content\/uploads\/2025\/02\/Kakimbo.jpg\" alt=\"\" width=\"194\" height=\"259\" \/><\/p>\n<p><strong>Dal marzo 2022 l\u2019Ambasciata d\u2019Italia a Conakry si trova al seguente indirizzo :<\/strong><\/p>\n<p>Tours Jumelles de Kakimbo, Koloma, Commune de Ratoma, Conakry<\/p>\n<p>&nbsp;<\/p>\n<p><strong>GLI UFFICI<\/strong><\/p>\n<p><strong>Segreteria\u00a0<\/strong><br \/>\nTel :\u00a0 00224 610 00 01 01<br \/>\nE-mail\u00a0\u00a0<a href=\"mailto:conakry.segreteria@esteri.it\">conakry.segreteria@esteri.it<\/a><br \/>\nPec:\u00a0<a href=\"mailto:amb.conakry@cert.esteri.it\">amb.conakry@cert.esteri.it<\/a><br \/>\nIl numero della Segreteria \u00e8 attivo dal luned\u00ec al venerd\u00ec dalle 09.00 alle 13.00 e dalle 14,30 alle 16,30<\/p>\n<p><strong>Numero di emergenza*<\/strong>: <strong>\u00a000224 613335959<\/strong><\/p>\n<p>*: Per emergenze si intendono situazioni che configurano una urgente necessit\u00e0 di assistenza fuori dall\u2019orario di apertura degli uffici, ad esempio, per <strong>incidenti gravi<\/strong> che comportino <strong>ricoveri ospedalieri<\/strong> o per<strong> segnalazione di decessi<\/strong>;<strong> arresti; perdita \/ furto \/confisca dei documenti di viaggio<\/strong>.<\/p>\n<p>&nbsp;<\/p>\n<p><strong>CALENDARIO CHIUSURE FESTIVE:<\/strong><\/p>\n<p>Nel corso dell\u2019anno 2025, gli Uffici dell\u2019Ambasciata saranno chiusi per festivit\u00e0 secondo il seguente calendario :<\/p>\n<p>1 gennaio Capodanno<\/p>\n<p>6 gennaio Epifania<\/p>\n<p>21 aprile Lunedi dell\u2019Angelo<\/p>\n<p>25 aprile Festa della Liberazione<\/p>\n<p>1 maggio Festa del Lavoro<\/p>\n<p>6 giugno Tabasky (Eid el-Adha)<\/p>\n<p>15 agosto Assunzione<\/p>\n<p>2 ottobre Festa dell\u2019Indipendenza della Guinea<\/p>\n<p>1 novembre Tutti i Santi<\/p>\n<p>25 dicembre Natale<\/p>\n<p>26 dicembre Santo Stefano<\/p>\n<p>&nbsp;<\/p>\n<p><strong>Antenna di Conakry dell\u2019Ufficio dell&#8217;Agenzia Italiana per la Cooperazione allo Sviluppo (AICS) di Dakar:<\/strong><\/p>\n<p>Dott. Marco Manzelli<\/p>\n<p>Immeuble Michelin, Quartier Camayenne, Conakry<\/p>\n<p>Tel : 00224 623 390599<\/p>\n<p>Mail: marco.manzelli@aics.gov.it<\/p>\n<p>Pagina Web: <a href=\"https:\/\/dakar.aics.gov.it\/home\/paesi\/guinea-conakry\/\">Guinea Conakry | AICS &#8211; Dakar<\/a><\/p>\n<p>&nbsp;<\/p>\n<p><strong>AVVISO AGLI UTENTI DEI SERVIZI CONSOLARI E VISTI:<\/strong><\/p>\n<p><strong>L\u2019Ambasciata d\u2019Italia a Conakry non dispone ancora delle competenze consolari e in materia di rilascio di visti. In particolare, la Guinea rientra nella circoscrizione consolare di competenza dell\u2019Ambasciata d\u2019Italia a Dakar.\u00a0<\/strong><\/p>\n<p><strong><a href=\"https:\/\/ambdakar.esteri.it\/ambasciata_dakar\/it\/\">Ambasciata d&#8217;Italia &#8211; Dakar (esteri.it)<\/a><\/strong><\/p>\n<p>&nbsp;<\/p>\n<p>&nbsp;<\/p>\n","protected":false},"excerpt":{"rendered":"Dal marzo 2022 l\u2019Ambasciata d\u2019Italia a Conakry si trova al seguente indirizzo : Tours Jumelles de Kakimbo, Koloma, Commune de Ratoma, Conakry &nbsp; GLI UFFICI Segreteria\u00a0 Tel :\u00a0 00224 610 00 01 01 E-mail\u00a0\u00a0conakry.segreteria@esteri.it Pec:\u00a0amb.conakry@cert.esteri.it Il numero della Segreteria \u00e8 attivo dal luned\u00ec al venerd\u00ec dalle 09.00 alle 13.00 e dalle 14,30 alle 16,30 Numero [&hellip;]","protected":false},"author":1,"featured_media":0,"parent":13,"menu_order":4,"comment_status":"closed","ping_status":"closed","template":"","meta":{"footnotes":""},"class_list":["post-40","page","type-page","status-publish","hentry"],"_links":{"self":[{"href":"https:\/\/ambconakry.esteri.it\/it\/wp-json\/wp\/v2\/pages\/40","targetHints":{"allow":["GET"]}}],"collection":[{"href":"https:\/\/ambconakry.esteri.it\/it\/wp-json\/wp\/v2\/pages"}],"about":[{"href":"https:\/\/ambconakry.esteri.it\/it\/wp-json\/wp\/v2\/types\/page"}],"author":[{"embeddable":true,"href":"https:\/\/ambconakry.esteri.it\/it\/wp-json\/wp\/v2\/users\/1"}],"replies":[{"embeddable":true,"href":"https:\/\/ambconakry.esteri.it\/it\/wp-json\/wp\/v2\/comments?post=40"}],"version-history":[{"count":6,"href":"https:\/\/ambconakry.esteri.it\/it\/wp-json\/wp\/v2\/pages\/40\/revisions"}],"predecessor-version":[{"id":524,"href":"https:\/\/ambconakry.esteri.it\/it\/wp-json\/wp\/v2\/pages\/40\/revisions\/524"}],"up":[{"embeddable":true,"href":"https:\/\/ambconakry.esteri.it\/it\/wp-json\/wp\/v2\/pages\/13"}],"wp:attachment":[{"href":"https:\/\/ambconakry.esteri.it\/it\/wp-json\/wp\/v2\/media?parent=40"}],"curies":[{"name":"wp","href":"https:\/\/api.w.org\/{rel}","templated":true}]}}