{"id":46,"date":"2023-04-11T18:11:52","date_gmt":"2023-04-11T16:11:52","guid":{"rendered":"https:\/\/ambasciatapraga.esteri.it\/?page_id=46"},"modified":"2025-04-13T23:10:07","modified_gmt":"2025-04-13T23:10:07","slug":"cooperazione-allo-sviluppo","status":"publish","type":"page","link":"https:\/\/ambconakry.esteri.it\/it\/italia-e-guinea\/cooperazione-allo-sviluppo\/","title":{"rendered":"Cooperazione allo sviluppo"},"content":{"rendered":"<h5>La Cooperazione Italiana e&#8217; presente in maniera crescente in Guinea, attraverso molteplici iniziative e progetti finanziati dal MAECI (DGCS) e dall\u2019Agenzia Italiana per la Cooperazione allo Sviluppo (AICS) e attuate in partnership con Agenzie delle Nazioni Unite ed Autorita&#8217; guineane.\u00a0 La presenza dei cooperanti italiani si esplica anche attraverso la presenza -stabile o tramite missioni periodiche- di una vasta rete di Organizzazioni della Societa&#8217; Civile (OSC), che vanno da grandi ONG a piccole ONLUS. Particolarmente presente ed apprezzata in Guinea e&#8217; la cooperazione decentrata portata avanti da enti locali, comuni ed associazioni italiane, con in prima fila il Piemonte.<\/h5>\n<p>Dal 2024 la Guinea e&#8217; inserita tra i Paesi prioritari della Cooperazione Italiana, cio&#8217; che ha portato ad un forte rilancio di progettualita&#8217; volte a favorire lo sviluppo economico e sociale del Paese. Nell&#8217;ambito di tale strategia di attenzione alla Guinea\u00a0 e&#8217; stato creata, nel 2023, una Antenna a Conakry dell&#8217;Ufficio AICS di Dakar (competente per la Guinea), mentre nel 2025, per la prima volta, un funzionario del MAECI proveniente dalla Direzione Generale per Cooperazione allo Sviluppo e&#8217; stato temporaneamente assegnato presso l&#8217;Ambasciata d&#8217;Italia a Conakry a sostegno e rafforzamento delle iniziative di cooperazione. L&#8217;Ambasciata d&#8217;Italia a Conakry contribuisce a promuovere, concludere e monitorare, in raccordo con l&#8217;AICS, nuove progettualita&#8217; di cooperazione in Guinea. Essa e&#8217; a disposizione delle Organizzazioni della Societa&#8217; Civile, delle istituzioni e di tutti gli operatori del Terzo Settore in Italia per dare sostegno, in termini di assistenza logistica, informativa e di valorizzazione presso le Autorita&#8217; locale, alle iniziative di cooperazione decentrata portate avanti dalle istituzioni locali italiane e dalle nostre ONG e ONLUS.<\/p>\n<p>Obiettivo condiviso di tutti gli operatori della cooperazione italiana in Guinea \u00e8 quello di creare forme di partenariato su base paritaria che valorizzino lo straordinario potenziale inespresso della Guinea, Paese tra i piu&#8217; fertili dell&#8217;Africa Occidentale, ricco di biodiversita&#8217; e con una popolazione tra le piu&#8217; giovani del continente.<\/p>\n<p>&nbsp;<\/p>\n<p>&nbsp;<\/p>\n<p><strong>LE ATTIVIT\u00c0 DI COOPERAZIONE DELL\u2019ITALIA IN REPUBBLICA DI GUINEA (scheda realizzata da Antenna AICS di Conakry in coordinamento con l&#8217;Ambasciata). <\/strong><\/p>\n<p>S<em>ituazione aggiornata all&#8217;aprile 2024.<\/em><\/p>\n<ol>\n<li><strong>Inquadramento delle relazioni<\/strong><\/li>\n<\/ol>\n<p>L\u2019Italia, con la sua azione di cooperazione allo sviluppo, \u00e8 presente in Guinea da pi\u00f9 di trent\u2019anni, con l\u2019obiettivo di ridurre la povert\u00e0\u0300 e promuovere la partecipazione degli attori locali nello sviluppo nel Paese. Con circa 50 milioni di aiuti a dono, e utilizzando le risorse guineane liberate dalla cancellazione del debito nel 2003, l\u2019Italia ha sostenuto lo sviluppo del tessuto associativo di base adottando una metodologia partecipativa senza uguali nel Paese.<\/p>\n<p>Pi\u00f9 recentemente, e in particolare dall\u2019istituzione dell\u2019Agenzia Italiana per la Cooperazione allo Sviluppo e della sua sede regionale di Dakar nel 2016, accreditata anche in Guinea, i finanziamenti si sono concentrati in favore di programmi regionali realizzati da organizzazioni internazionali e di progetti nazionali implementati da ONG italiane in ambito sanitario, di sviluppo rurale, di difesa dei diritti dei minori e di contrasto alla migrazione.<\/p>\n<p>In generale, il settore agricolo, con il sostegno alla produzione delle associazioni di produttori nelle zone pi\u00f9\u0300 povere, \u00e8 considerato prioritario sia per l\u2019impatto sulla povert\u00e0\u0300 che per il coinvolgimento degli attori non strutturati ma radicati nel territorio. Inoltre, in sinergia con le priorit\u00e0 settoriali governative l\u2019Italia si \u00e8 impegnata nel settore sanitario, con il fine ultimo di migliorare lo stato di salute della popolazione guineana con interventi volti al ripristino e potenziamento del sistema sanitario nazionale del Paese a seguito dell&#8217;epidemia di Ebola e alla tutela della salute dei soggetti colpiti da malattie sessualmente trasmissibili.<\/p>\n<p>Con il lancio del Piano Mattei nel 2024, l\u2019Italia ha significativamente esteso la sua presenza nel continente africano identificando nuovi paesi prioritari per l\u2019azione di cooperazione, tra cui la Repubblica di Guinea. Questo nuovo approccio ha permesso di canalizzare, con l\u2019esercizio di programmazione 2024, importanti risorse economiche a nuovi interventi di cooperazione, potenziando e ampliando i settori di intervento tradizionalmente coperti dall\u2019Italia nel Paese. Anche le relazioni con le istituzioni governative locali si sono consolidate e ampliate, aumentando la visibilit\u00e0 dell\u2019Italia a livello nazionale.<\/p>\n<p>L\u2019Italia \u00e8 tra i paesi che hanno partecipato attivamente alla stesura della Programmazione Congiunta UE per il periodo 2024-2027, documento finalizzato nel mese di luglio 2024 e attualmente in fase di approvazione. Il documento di programmazione, allineato con i recenti piani di sviluppo del paese, definisce una strategia condivisa da parte dell\u2019Unione Europea e degli stati membri, indicando anche gli obiettivi per settore di intervento. Un esercizio di cooperazione delegata \u00e8 attualmente in corso con la Delegazione Europea nell\u2019ambito del settore \u201cmigrazione\u201d, con focus specifico sulle attivit\u00e0 di reintegro dei migranti di ritorno.<\/p>\n<p>L\u2019Italia aderisce inoltre alle TEI Economia verde e blu (EVB) (2021-2027), Stabilit\u00e0 e Buon Governo, e Migrazione (Rotta Atlantico\/Mediterraneo occidentale &#8211; Rotta Mediterraneo Centrale)<\/p>\n<p>&nbsp;<\/p>\n<ol start=\"2\">\n<li><strong>Sintesi delle iniziative di cooperazione<\/strong><\/li>\n<\/ol>\n<p>L\u2019Italia finanzia attualmente <strong>undici (11) iniziative <\/strong>di cooperazione, di cui <strong>sei (6) a livello nazionale<\/strong> per un ammontare complessivo di 16\u00a0399\u00a0414 \u20ac, e <strong>cinque (5) a livello regionale<\/strong> per un ammontare complessivo di 19\u00a0300\u00a0000 \u20ac con un\u2019allocazione per la Guinea di 5\u00a0133\u00a0333 \u20ac.<\/p>\n<p>L\u2019ammontare complessivo \u00e8 di 35 699\u00a0414 \u20ac, con un\u2019allocazione totale per la Guinea di <strong>21 532\u00a0747 \u20ac<\/strong>.<\/p>\n<p>I settori principali di intervento sono: sicurezza alimentare e sviluppo rurale, salute e salute sessuale e riproduttiva, formazione professionale e impiego, sostegno a PMI, migrazione, diritti dei minori e delle donne, sviluppo umano.<\/p>\n<p>Tutte le iniziative progettuali sono in linea con le direttive della cooperazione italiana in merito all\u2019uguaglianza di genere e all\u2019empowerment di donne, ragazze e bambine, e in merito alla tutela dei diritti dei minori e delle persone con disabilit\u00e0 e alla loro inclusione sociale.<\/p>\n<p>La sintesi delle iniziative attualmente in corso e in fase di avvio sono riportate nella tabella seguente.<\/p>\n<p>&nbsp;<\/p>\n<p>Tableau 1. Repubblica di Guinea: Sintesi delle iniziative di cooperazione per settore di intervento e finanziamento (\u20ac)<\/p>\n<table width=\"100%\">\n<tbody>\n<tr>\n<td colspan=\"4\" width=\"100%\"><strong>INIZIATIVE NAZIONALI<\/strong><\/td>\n<\/tr>\n<tr>\n<td width=\"20%\"><strong>Macro settore<\/strong><\/td>\n<td width=\"46%\"><strong>Settore specifico<\/strong><\/td>\n<td width=\"18%\"><\/td>\n<td width=\"13%\"><strong>Totale Guinea<\/strong><\/td>\n<\/tr>\n<tr>\n<td width=\"20%\">Impiego<\/td>\n<td width=\"46%\">Creazione d&#8217;impiego; sostegno PMI; filiere agricole<\/td>\n<td width=\"18%\"><\/td>\n<td width=\"13%\">1 900 000<\/td>\n<\/tr>\n<tr>\n<td width=\"20%\">Migrazione<\/td>\n<td width=\"46%\">Diritti umani, protezione<\/td>\n<td width=\"18%\"><\/td>\n<td width=\"13%\">3 000 000<\/td>\n<\/tr>\n<tr>\n<td width=\"20%\">Salute<\/td>\n<td width=\"46%\">Salute sessuale e riproduttiva<\/td>\n<td width=\"18%\"><\/td>\n<td width=\"13%\">3 000 000<\/td>\n<\/tr>\n<tr>\n<td width=\"20%\">Sviluppo Rurale<\/td>\n<td width=\"46%\">Agricoltura e Sicurezza Alimentare<\/td>\n<td width=\"18%\"><\/td>\n<td width=\"13%\">8 499 414<\/td>\n<\/tr>\n<tr>\n<td colspan=\"3\" width=\"86%\"><strong>Subtotale iniziative nazionali<\/strong><\/td>\n<td width=\"13%\"><strong>16 399 414 <\/strong><\/td>\n<\/tr>\n<tr>\n<td width=\"20%\"><\/td>\n<td width=\"46%\"><\/td>\n<td width=\"18%\"><\/td>\n<td width=\"13%\"><\/td>\n<\/tr>\n<tr>\n<td colspan=\"4\" width=\"100%\"><strong>INIZIATIVE REGIONALI<\/strong><\/td>\n<\/tr>\n<tr>\n<td width=\"20%\"><strong>Settore<\/strong><\/td>\n<td width=\"46%\"><strong>Settore specifico<\/strong><\/td>\n<td width=\"18%\"><strong>Totale<\/strong><\/td>\n<td width=\"13%\"><strong>Totale Guinea<\/strong><\/td>\n<\/tr>\n<tr>\n<td width=\"20%\">Diritti umani<\/td>\n<td width=\"46%\">Diritti dei bambini<\/td>\n<td width=\"18%\">4 000 000,00<\/td>\n<td width=\"13%\">800 000<\/td>\n<\/tr>\n<tr>\n<td width=\"20%\">Migrazione<\/td>\n<td width=\"46%\">Creazione d&#8217;impiego; Migrazione; PMI<\/td>\n<td width=\"18%\">4 000 000,00<\/td>\n<td width=\"13%\">1 333 333<\/td>\n<\/tr>\n<tr>\n<td width=\"20%\">Sviluppo Rurale<\/td>\n<td width=\"46%\">Valorizzazione filiere agricole<\/td>\n<td width=\"18%\">8 300 000,00<\/td>\n<td width=\"13%\">2 400 000<\/td>\n<\/tr>\n<tr>\n<td width=\"20%\">Sviluppo Umano<\/td>\n<td width=\"46%\">Creazione d&#8217;impiego; Salute<\/td>\n<td width=\"18%\">3 000 000,00<\/td>\n<td width=\"13%\">600 000<\/td>\n<\/tr>\n<tr>\n<td colspan=\"2\" width=\"67%\"><strong>Subtotale iniziative regionali<\/strong><\/td>\n<td width=\"18%\"><strong>19 300 000,00 \u20ac <\/strong><\/td>\n<td width=\"13%\"><strong>5 133 333 <\/strong><\/td>\n<\/tr>\n<tr>\n<td width=\"20%\"><\/td>\n<td width=\"46%\"><\/td>\n<td width=\"18%\"><\/td>\n<td width=\"13%\"><\/td>\n<\/tr>\n<tr>\n<td colspan=\"3\" width=\"86%\"><strong>Totale allocazione nazionale<\/strong><\/td>\n<td width=\"13%\"><strong>21 532 747 \u20ac <\/strong><\/td>\n<\/tr>\n<\/tbody>\n<\/table>\n<p>&nbsp;<\/p>\n<p>&nbsp;<\/p>\n<ol start=\"3\">\n<li><strong>Dettaglio delle iniziative di cooperazione<\/strong><\/li>\n<\/ol>\n<p>Si riportano di seguito i dettagli delle iniziative in corso e in fase di avvio per macrosettore di intervento.<\/p>\n<ol>\n<li><u>Sviluppo rurale<\/u><\/li>\n<\/ol>\n<p>A livello nazionale, l\u2019Italia finanzia attualmente l\u2019iniziativa bilaterale <strong>Progetto Agricolo Guinea Italia (PAGUITA) <\/strong>per un ammontare di <strong>4.5 M \u20ac a dono<\/strong>. Il progetto, implementato dal Ministero dell\u2019Agricoltura e dell\u2019Allevamento, vuole contribuire, in coerenza con le politiche e le strategie settoriali nazionali, alla sicurezza alimentare e nutrizionale delle regioni di Conakry e Kankan migliorando la resilienza delle persone vulnerabili con interventi in ambito orticolo e di sostegno alle organizzazioni e imprese locali. Per questa iniziativa, si attende da parte del Governo guineano l\u2019espletamento delle procedure interne per la sua entrata in vigore dopo la promulgazione dell\u2019accordo da parte del Presidente della Repubblica in dicembre 2024. L\u2019iniziativa mira a raggiungere circa 10.000 beneficiari diretti.<\/p>\n<p>Sempre a livello nazionale, a questo progetto, si aggiungono due nuove iniziative recentemente approvate e finanziate attraverso il bando \u201cIniziative promosse\u201d del 2023, per un ammontare di circa <strong>2 M \u20ac ciascuna<\/strong>. Le iniziative sono le seguenti:<\/p>\n<ul>\n<li><strong>Balo Kend\u00f6: <\/strong>rafforzamento delle politiche locali e promozione dell\u2019agricoltura sostenibile per la sicurezza alimentare in Guinea Forestale (Comune di Cuneo e ONG APDAM);<\/li>\n<li><strong>RigenerAzione Guinea: <\/strong>Transizione Agroecologica e creazione di nuove opportunit\u00e0 (ONG LVIA e CISV)<\/li>\n<\/ul>\n<p>A livello regionale, \u00e8 in corso il <strong>Progetto di appoggio allo sviluppo delle filiere sementi nel bacino del fiume Senegal (PAFISEM)<\/strong>, progetto multilaterale implementato dall\u2019Organizzazione per la Messa in Valore del fiume Senegal (OMVS) per un ammontare di <strong>7 M \u20ac a dono<\/strong> (la quota per la Guinea \u00e8 di <strong>1.75 M \u20ac<\/strong>). L\u2019iniziativa intende contribuire alla sicurezza alimentare e allo sviluppo rurale della popolazione del bacino del fiume Senegal sostenendo e rafforzando le filiere locali di sementi. Le attivit\u00e0 in Guinea si svolgono nella regione di Kankan, prefettura di Siguiri. L\u2019iniziativa mira a raggiungere a livello regionale 10.600 beneficiari diretti.<\/p>\n<p>Con l\u2019esercizio di programmazione 2024, \u00e8 stata avviata a livello regionale (Costa d\u2019Avorio e Guinea) l\u2019iniziativa multilaterale <strong>Catena del valore sostenibile del cacao in Africa occidentale <\/strong>implementata dall\u2019Alliance Biodiversity International &amp; CIAT per un ammontare di <strong>1.3 M \u20ac a dono<\/strong> (la quota per la Guinea \u00e8 di <strong>0.65 M \u20ac<\/strong>). In linea con le priorit\u00e0 nazionali e regionali, l\u2019iniziativa si prefigge di affrontare, attraverso l\u2019identificazione e formulazione di iniziative ad hoc, le principali sfide del settore del cacao in Africa occidentale a beneficio dei piccoli e medi produttori di cacao, dei giovani e delle donne impiegati nella filiera.<\/p>\n<p>&nbsp;<\/p>\n<ol>\n<li><u>Salute<\/u><\/li>\n<\/ol>\n<p>Con l\u2019esercizio di programmazione 2024, \u00e8 in fase di avvio a livello nazionale il progetto sanitario <strong>Miglioramento e integrazione dei servizi sanitari per la lotta ad HIV e co-morbidit\u00e0 in Guinea<\/strong> per un ammontare di <strong>3 M \u20ac<\/strong> <strong>a dono<\/strong>. L\u2019iniziativa \u00e8 implementata dall\u2019 Universit\u00e0 Tor Vergata in partenariato con l\u2019Universit\u00e0 Gamal Abdel Nasser di Conakry e in collaborazione con la Comunit\u00e0 di Sant\u2019Egidio, attiva da anni nel Paese con i suoi centri di eccellenza DREAM. Le regioni di intervento sono Conakry, Kindia e Nz\u00e9r\u00e9kor\u00e9.<\/p>\n<p>L\u2019iniziativa si propone di contribuire al miglioramento della salute pubblica in Guinea, con un focus sul rafforzamento della rete sanitaria per combattere le principali malattie infettive, tra cui HIV, tubercolosi (TB) e papilloma virus umano (HPV). L\u2019obiettivo generale \u00e8 garantire una vita sana e promuovere il benessere per tutte le fasce della popolazione, in particolare quelle pi\u00f9 vulnerabili, rafforzando la capacit\u00e0 delle strutture sanitarie locali di rispondere ai bisogni della comunit\u00e0. Il progetto si rivolge a un ampio gruppo target che include pazienti, personale sanitario e comunit\u00e0 locali. L\u2019iniziativa mira a raggiungere 18140 beneficiari diretti.<\/p>\n<p>Il progetto opera con il sostegno del Ministero della Salute e dell\u2019Igiene Pubblica.<\/p>\n<p>&nbsp;<\/p>\n<ol>\n<li><u>Impiego e giovent\u00f9<\/u><\/li>\n<\/ol>\n<p>Con l\u2019esercizio di programmazione 2024, \u00e8 stata approvata a livello nazionale l\u2019iniziativa <strong>\u201cProgetto di inserimento socio-professionale per i giovani delle zone rurali nella Repubblica di Guinea (PROJEUNE)\u201d<\/strong> per un ammontare di <strong>1.9 M \u20ac a dono<\/strong>. L\u2019iniziativa, che vede coinvolta la societ\u00e0 civile italiana operante nel Paese (<strong>bando in corso<\/strong>), mira a contribuire alle priorit\u00e0 strategiche e alla trasformazione strutturale dell\u2019economia guineana per creare occupazione e redditi pi\u00f9 dignitosi per giovani, donne e persone con disabilit\u00e0 attraverso interventi nel settore agro-alimentare nell\u2019ottica della promozione di uno sviluppo economico inclusivo. L\u2019intervento ha come obiettivo tematico il rafforzamento tecnico, tecnologico e organizzativo del sistema produttivo e cooperativistico guineano nella filiera dell\u2019ortofrutta, attraverso una strategia integrata e focalizzata sulla qualificazione delle competenze dei giovani. L\u2019iniziativa mira a raggiungere 1000 beneficiari diretti, rafforzare 6 centri di servizi agricoli e circa 14\u00a0000 beneficiari indiretti.<\/p>\n<p>Il processo di rafforzamento delle filiere locali rientra nell\u2019ottica di promuovere un modello di business innovativo sia a livello gestionale che tecnologico e commerciale, orientato al mercato e caratterizzato da processi di sostenibilit\u00e0 economica sociale ed ambientale e di inclusione per le fasce di popolazione pi\u00f9 vulnerabili. A tal proposito, l\u2019iniziativa si integra al progetto bilaterale PAGUITA che mira a rafforzare il settore dell&#8217;orticoltura nelle regioni di Conakry e Kankan, sostenendo l&#8217;imprenditorialit\u00e0 e le associazioni locali, in particolare i giovani, uomini e donne, e le persone con disabilit\u00e0.<\/p>\n<p>Il progetto opera con il sostegno della Direzione Nazionale dell\u2019Impiego e dell\u2019Imprenditoria del Ministero dell\u2019Insegnamento Tecnico, della Formazione Professionale e dell\u2019Impiego, dei servizi deconcentrati del Ministero dell\u2019agricoltura e dell\u2019allevamento, del Ministero della giovent\u00f9 e dello sport e di altre istituzioni e organizzazioni locali.<\/p>\n<p>&nbsp;<\/p>\n<ol>\n<li><u>Migrazione e giovent\u00f9<\/u><\/li>\n<\/ol>\n<p>A livello regionale, \u00e8 in corso il progetto multilaterale <strong>Sviluppo delle potenzialit\u00e0 economiche locali in Africa Occidentale (MDP)<\/strong> per un ammontare <strong>4 M \u20ac a dono<\/strong> (la quota per la Guinea \u00e8 di <strong>1.0 M \u20ac<\/strong>). L\u2019iniziativa \u00e8 implementata dall\u2019 Organizzazione Internazionale delle Migrazioni (OIM). A livello nazionale OIM Guinea concentra le attivit\u00e0 nella regione di Bok\u00e9 (Kamsar) e nella regione di Lab\u00e9 (Koundara). Essa mira a contribuire ad una mobilit\u00e0 giovanile sicura all\u2019interno e tra i paesi creando corrispondenza tra domanda e offerta di lavoro interregionale in Guinea Bissau, Guinea Conakry, Gambia e Senegal. Per la Guinea le attivit\u00e0 si concentrano sulla formazione e l\u2019inserimento professionale di 150 giovani e sul rafforzamento delle competenze di 40 funzionari ministeriali e 30 funzionari della dogana.<\/p>\n<p>Il progetto opera con il sostegno del Ministero degli Affari Esteri e dei Guineani all\u2019Estero, del Ministero della Giovent\u00f9 e dello Sport e del Ministero dell\u2019Insegnamento Tecnico, della Formazione Professionale e dell\u2019Impiego.<\/p>\n<p>&nbsp;<\/p>\n<p>Con l\u2019esercizio di programmazione 2024, \u00e8 in fase di avvio a livello nazionale l\u2019iniziativa multilaterale <strong>Progetto di supporto alle iniziative di inserimento socio-economico e benessere per le famiglie e i bambini in situazione di mobilit\u00e0 in Guinea <\/strong>per un ammontare di<strong> 3 M \u20ac a dono<\/strong>. Si tratta di un\u2019iniziativa congiunta (Joint Programme) implementata dagli uffici nazionali dell\u2019Organizzazione Internazionale delle Migrazioni (OIM) e dell\u2019Alto Commissariato per i Diritti dell\u2019Uomo (HCDH), con OIM capofila, nelle regioni di Conakry, Bok\u00e9, Lab\u00e9, Kankan e Mamou. L\u2019iniziativa si colloca sia nell\u2019ambito delle problematiche legate alla migrazione irregolare che in quello di protezione e tutela dei minori. Il progetto ha come obiettivo di accompagnare la Guinea contro lo sfruttamento, la tratta e la migrazione irregolare di cui sono vittime i bambini e le bambine, e promuovendo i loro diritti e il loro benessere.<\/p>\n<p>Il progetto opera con il sostegno del Ministero della promozione delle donne, dei bambini e delle persone vulnerabili, del Ministro dell&#8217;istruzione pre-universitaria e dell&#8217;alfabetizzazione, del Ministero dell\u2019Insegnamento Tecnico, della Formazione Professionale e dell\u2019Impiego, del Ministero dell&#8217;Amministrazione Territoriale e della Decentralizzazione e delle istituzioni regionali di competenza.<\/p>\n<p>&nbsp;<\/p>\n<ol>\n<li><u>Diritti umani e infanzia<\/u><\/li>\n<\/ol>\n<p>A livello regionale \u00e8 in corso l\u2019iniziativa multilaterale <strong>Progetto di sostegno alla protezione dei minori vittime della violazione dei diritti umani &#8211; fase II (PAPEV II) <\/strong>per un ammontare<strong> di 4 M \u20ac a dono <\/strong>(la quota per la Guinea \u00e8 di<strong> 0.8 M \u20ac<\/strong>). L\u2019iniziativa \u00e8 implementata dall\u2019Alto Commissariato per i Diritti dell\u2019Uomo (HCDH) e mira a sostenere la creazione di sistemi nazionali di protezione dell\u2019infanzia efficaci e conformi alle raccomandazioni dei meccanismi regionali e internazionali per la promozione e la protezione dei diritti dei bambini.<\/p>\n<p>L\u2019iniziativa si integra per alcune competenze al progetto nazionale di supporto alle iniziative di inserimento socio-economico e benessere per le famiglie e i bambini in situazione di mobilit\u00e0 in Guinea, finanziato con i fondi della programmazione 2024.<\/p>\n<p>Il progetto opera con il sostegno del Ministero della promozione delle donne, dei bambini e delle persone vulnerabili e delle istituzioni regionali di competenza.<\/p>\n<p>&nbsp;<\/p>\n<ol>\n<li><u>Sviluppo umano, donne e giovani<\/u><\/li>\n<\/ol>\n<p>A livello regionale \u00e8 in corso l\u2019iniziativa <strong>Programma di miglioramento della salute dei giovani per valorizzare il dividendo demografico (YE4DD)<\/strong> di <strong>3 M \u20ac a dono<\/strong> (la quota per la Guinea \u00e8 di<strong> 1.0 M \u20ac<\/strong>). L\u2019iniziativa \u00e8 implementata dal Fondo delle Nazioni Unite per la Popolazione (UNFPA) e mira a migliorare la qualit\u00e0 della vita delle donne e dei giovani fornendo accesso alle informazioni e servizi sanitari equi e di qualit\u00e0 per promuovere un processo decisionale informato in relazione a tutti gli aspetti della propria salute e del proprio benessere al fine di ridurre la morbilit\u00e0 e la mortalit\u00e0. Il progetto mira, inoltre, a migliorare le conoscenze, le competenze e l\u2019atteggiamento delle donne, dei giovani e degli adolescenti in materia di salute sessuale e riproduttiva, portando infine ad un cambiamento comportamentale che consenta alle donne e ai giovani di prendere decisioni basate sull\u2019evidenza e l\u2019informazione e fare scelte responsabili.<\/p>\n<p>Il progetto \u00e8 realizzato nelle regioni di Kindia e Mamou.<\/p>\n<p>&nbsp;<\/p>\n<p>Per ulteriori informazioni:<\/p>\n<p>Tel:+224 610 00 01 01<\/p>\n<p>Mail: conakry.segreteria@esteri.it e tarek.chazli@esteri.it<\/p>\n","protected":false},"excerpt":{"rendered":"La Cooperazione Italiana e&#8217; presente in maniera crescente in Guinea, attraverso molteplici iniziative e progetti finanziati dal MAECI (DGCS) e dall\u2019Agenzia Italiana per la Cooperazione allo Sviluppo (AICS) e attuate in partnership con Agenzie delle Nazioni Unite ed Autorita&#8217; guineane.\u00a0 La presenza dei cooperanti italiani si esplica anche attraverso la presenza -stabile o tramite missioni [&hellip;]","protected":false},"author":1,"featured_media":0,"parent":14,"menu_order":6,"comment_status":"closed","ping_status":"closed","template":"","meta":{"footnotes":""},"class_list":["post-46","page","type-page","status-publish","hentry"],"_links":{"self":[{"href":"https:\/\/ambconakry.esteri.it\/it\/wp-json\/wp\/v2\/pages\/46","targetHints":{"allow":["GET"]}}],"collection":[{"href":"https:\/\/ambconakry.esteri.it\/it\/wp-json\/wp\/v2\/pages"}],"about":[{"href":"https:\/\/ambconakry.esteri.it\/it\/wp-json\/wp\/v2\/types\/page"}],"author":[{"embeddable":true,"href":"https:\/\/ambconakry.esteri.it\/it\/wp-json\/wp\/v2\/users\/1"}],"replies":[{"embeddable":true,"href":"https:\/\/ambconakry.esteri.it\/it\/wp-json\/wp\/v2\/comments?post=46"}],"version-history":[{"count":6,"href":"https:\/\/ambconakry.esteri.it\/it\/wp-json\/wp\/v2\/pages\/46\/revisions"}],"predecessor-version":[{"id":590,"href":"https:\/\/ambconakry.esteri.it\/it\/wp-json\/wp\/v2\/pages\/46\/revisions\/590"}],"up":[{"embeddable":true,"href":"https:\/\/ambconakry.esteri.it\/it\/wp-json\/wp\/v2\/pages\/14"}],"wp:attachment":[{"href":"https:\/\/ambconakry.esteri.it\/it\/wp-json\/wp\/v2\/media?parent=46"}],"curies":[{"name":"wp","href":"https:\/\/api.w.org\/{rel}","templated":true}]}}